{"id":138,"date":"2024-05-21T13:03:14","date_gmt":"2024-05-21T11:03:14","guid":{"rendered":"https:\/\/amicalelaiquetardy.fr\/?page_id=138"},"modified":"2024-05-22T11:01:06","modified_gmt":"2024-05-22T09:01:06","slug":"histoire-de-lamicale-laique-de-tardy","status":"publish","type":"page","link":"https:\/\/amicalelaiquetardy.fr\/index.php\/histoire-de-lamicale-laique-de-tardy\/","title":{"rendered":"Histoire"},"content":{"rendered":"\n<p class=\"has-text-align-center\">Fond\u00e9e il y a plus d\u2019un si\u00e8cle, en 1912, l\u2019Amicale La\u00efque de Tardy repr\u00e9sente une des plus<br>vieilles associations de la Ville de Saint-Etienne. Elle est ouverte sur le quartier avec un centre d\u2019\u00e9ducation populaire et un espace culturel.<\/p>\n\n\n\n<p class=\"has-text-align-center\">Les activit\u00e9s qui s\u2019y sont d\u00e9velopp\u00e9es jusqu\u2019\u00e0 pr\u00e9sent t\u00e9moignent d\u2019une vitalit\u00e9 et d\u2019une capacit\u00e9 d\u2019adaptation au contexte de son \u00e9poque.<br><\/p>\n\n\n\n<p class=\"has-text-align-center\">La salle accueillant des spectateurs est un cin\u00e9ma jusqu\u2019en 1981 o\u00f9 son activit\u00e9 principale devient le th\u00e9\u00e2tre. En 1955, une biblioth\u00e8que de quartier prend place dans les locaux et perdure pendant des dizaines d\u2019ann\u00e9es.<\/p>\n\n\n\n<p class=\"has-text-align-center\"><br>Espace de rencontres, le lieu a vu se d\u00e9rouler le \u00ab repas des anciens \u00bb, des apr\u00e8s-midi dansants jusqu\u2019en 2016, et bien d\u2019autres manifestations.<\/p>\n\n\n\n<p class=\"has-text-align-center\"><br>Les activit\u00e9s sportives n\u2019ont cess\u00e9 de se d\u00e9ployer (billard, cyclo, gymnastique, jeu de boules, tennis de table, basket, aquagym, badminton et la section sarbacane encore active en 2020). <\/p>\n\n\n\n<p class=\"has-text-align-center\">Aujourd\u2019hui les trois grands domaines que sont la culture, l\u2019\u00e9ducation et le social sont toujours pr\u00e9sents, sous d\u2019autres formes.<\/p>\n\n\n\n\n\n<figure class=\"wp-block-gallery has-nested-images columns-default is-cropped wp-block-gallery-1 is-layout-flex wp-block-gallery-is-layout-flex\"><\/figure>\n\n\n\n<figure class=\"wp-block-gallery has-nested-images columns-default is-cropped wp-block-gallery-2 is-layout-flex wp-block-gallery-is-layout-flex\"><\/figure>\n\n\n\n<figure class=\"wp-block-gallery has-nested-images columns-default is-cropped wp-block-gallery-3 is-layout-flex wp-block-gallery-is-layout-flex\"><\/figure>\n","protected":false},"excerpt":{"rendered":"<p>Fond\u00e9e il y a plus d\u2019un si\u00e8cle, en 1912, l\u2019Amicale La\u00efque de Tardy repr\u00e9sente une des plusvieilles associations de la Ville de Saint-Etienne. Elle est ouverte sur le quartier avec un centre d\u2019\u00e9ducation populaire et un espace culturel. Les activit\u00e9s qui s\u2019y sont d\u00e9velopp\u00e9es jusqu\u2019\u00e0 pr\u00e9sent t\u00e9moignent d\u2019une vitalit\u00e9 et [&hellip;]<\/p>\n","protected":false},"author":1,"featured_media":92,"parent":0,"menu_order":0,"comment_status":"closed","ping_status":"closed","template":"","meta":{"footnotes":""},"class_list":["post-138","page","type-page","status-publish","has-post-thumbnail","hentry"],"_links":{"self":[{"href":"https:\/\/amicalelaiquetardy.fr\/index.php\/wp-json\/wp\/v2\/pages\/138","targetHints":{"allow":["GET"]}}],"collection":[{"href":"https:\/\/amicalelaiquetardy.fr\/index.php\/wp-json\/wp\/v2\/pages"}],"about":[{"href":"https:\/\/amicalelaiquetardy.fr\/index.php\/wp-json\/wp\/v2\/types\/page"}],"author":[{"embeddable":true,"href":"https:\/\/amicalelaiquetardy.fr\/index.php\/wp-json\/wp\/v2\/users\/1"}],"replies":[{"embeddable":true,"href":"https:\/\/amicalelaiquetardy.fr\/index.php\/wp-json\/wp\/v2\/comments?post=138"}],"version-history":[{"count":3,"href":"https:\/\/amicalelaiquetardy.fr\/index.php\/wp-json\/wp\/v2\/pages\/138\/revisions"}],"predecessor-version":[{"id":149,"href":"https:\/\/amicalelaiquetardy.fr\/index.php\/wp-json\/wp\/v2\/pages\/138\/revisions\/149"}],"wp:featuredmedia":[{"embeddable":true,"href":"https:\/\/amicalelaiquetardy.fr\/index.php\/wp-json\/wp\/v2\/media\/92"}],"wp:attachment":[{"href":"https:\/\/amicalelaiquetardy.fr\/index.php\/wp-json\/wp\/v2\/media?parent=138"}],"curies":[{"name":"wp","href":"https:\/\/api.w.org\/{rel}","templated":true}]}}