{"id":175,"date":"2024-05-22T11:59:34","date_gmt":"2024-05-22T09:59:34","guid":{"rendered":"https:\/\/amicalelaiquetardy.fr\/?page_id=175"},"modified":"2025-01-08T17:01:58","modified_gmt":"2025-01-08T16:01:58","slug":"francais-langue-etrangere","status":"publish","type":"page","link":"https:\/\/amicalelaiquetardy.fr\/index.php\/francais-langue-etrangere\/","title":{"rendered":"Fran\u00e7ais Langue Etrang\u00e8re"},"content":{"rendered":"\n<p class=\"has-text-align-center\">Discuter &#8211; Apprendre &#8211; Echanger<\/p>\n\n\n\n<p class=\"has-text-align-center\">Atelier destin\u00e9 \u00e0 des non francophones pour apprendre le fran\u00e7ais ! <br>Des sorties, ateliers et temps conviviaux sont organis\u00e9s r\u00e9guli\u00e8rement par les b\u00e9n\u00e9voles et participants.<\/p>\n\n\n\n<h2 class=\"wp-block-heading has-text-align-left has-header-gradient-color has-text-color has-link-color has-medium-font-size wp-elements-24bf2b5b038de83c7d6ddad19d8b7a8a\">Inscriptions<\/h2>\n\n\n\n<p>Ouvert \u00e0 tous et \u00e0 toutes<br>Activit\u00e9 gratuite &#8211; Adh\u00e9sion \u00e0 l&rsquo;Amicale<\/p>\n\n\n\n<h2 class=\"wp-block-heading has-header-gradient-color has-text-color has-link-color has-medium-font-size wp-elements-4e49f1b8e6294d4c46e47bc28410eaf8\">Cours<\/h2>\n\n\n\n<p>Les lundis et jeudis de 09h \u00e0 11h<br>Au centre de loisirs Elie Rousson &#8211; 14 rue de Montferr\u00e9<br>\/!\\ Le groupe est complet pour la saison 24-25. <\/p>\n\n\n\n<h2 class=\"wp-block-heading has-header-gradient-color has-text-color has-link-color has-medium-font-size wp-elements-12b3cb710cdfd238b14015bd9b0ddb05\">Contacts<\/h2>\n\n\n\n<p>B\u00e9n\u00e9voles r\u00e9f\u00e9rentes : Agn\u00e8s et Nicole<br>Pour plus d&rsquo;informations : coordination.tardy@gmail.com<\/p>\n","protected":false},"excerpt":{"rendered":"<p>Discuter &#8211; Apprendre &#8211; Echanger Atelier destin\u00e9 \u00e0 des non francophones pour apprendre le fran\u00e7ais ! Des sorties, ateliers et temps conviviaux sont organis\u00e9s r\u00e9guli\u00e8rement par les b\u00e9n\u00e9voles et participants. Inscriptions Ouvert \u00e0 tous et \u00e0 toutesActivit\u00e9 gratuite &#8211; Adh\u00e9sion \u00e0 l&rsquo;Amicale Cours Les lundis et jeudis de 09h \u00e0 [&hellip;]<\/p>\n","protected":false},"author":1,"featured_media":9,"parent":0,"menu_order":0,"comment_status":"closed","ping_status":"closed","template":"","meta":{"footnotes":""},"class_list":["post-175","page","type-page","status-publish","has-post-thumbnail","hentry"],"_links":{"self":[{"href":"https:\/\/amicalelaiquetardy.fr\/index.php\/wp-json\/wp\/v2\/pages\/175","targetHints":{"allow":["GET"]}}],"collection":[{"href":"https:\/\/amicalelaiquetardy.fr\/index.php\/wp-json\/wp\/v2\/pages"}],"about":[{"href":"https:\/\/amicalelaiquetardy.fr\/index.php\/wp-json\/wp\/v2\/types\/page"}],"author":[{"embeddable":true,"href":"https:\/\/amicalelaiquetardy.fr\/index.php\/wp-json\/wp\/v2\/users\/1"}],"replies":[{"embeddable":true,"href":"https:\/\/amicalelaiquetardy.fr\/index.php\/wp-json\/wp\/v2\/comments?post=175"}],"version-history":[{"count":5,"href":"https:\/\/amicalelaiquetardy.fr\/index.php\/wp-json\/wp\/v2\/pages\/175\/revisions"}],"predecessor-version":[{"id":754,"href":"https:\/\/amicalelaiquetardy.fr\/index.php\/wp-json\/wp\/v2\/pages\/175\/revisions\/754"}],"wp:featuredmedia":[{"embeddable":true,"href":"https:\/\/amicalelaiquetardy.fr\/index.php\/wp-json\/wp\/v2\/media\/9"}],"wp:attachment":[{"href":"https:\/\/amicalelaiquetardy.fr\/index.php\/wp-json\/wp\/v2\/media?parent=175"}],"curies":[{"name":"wp","href":"https:\/\/api.w.org\/{rel}","templated":true}]}}