{"id":188,"date":"2024-05-22T12:50:02","date_gmt":"2024-05-22T10:50:02","guid":{"rendered":"https:\/\/amicalelaiquetardy.fr\/?page_id=188"},"modified":"2026-01-19T17:08:45","modified_gmt":"2026-01-19T16:08:45","slug":"badminton","status":"publish","type":"page","link":"https:\/\/amicalelaiquetardy.fr\/index.php\/badminton\/","title":{"rendered":"Badminton"},"content":{"rendered":"\n<p class=\"has-text-align-center\">La section loisirs du SBALT42 vous accueille \u00e0 partir de 18 ans et \u00e0 tout niveau dans un esprit sportif et de d\u00e9tente. Le but \u00e9tant de progresser dans une ambiance conviviale. Une quarantaine de licenci\u00e9s compose la section. Chaque ann\u00e9e le club engage une \u00e9quipe interclubs qui repr\u00e9sente les couleurs de la section de l\u2019Amicale. Le club organise des journ\u00e9es conviviales pour ses licenci\u00e9s.<\/p>\n\n\n<div class=\"wp-block-image\">\n<figure class=\"aligncenter size-full is-resized\"><img loading=\"lazy\" decoding=\"async\" width=\"384\" height=\"532\" src=\"https:\/\/amicalelaiquetardy.fr\/wp-content\/uploads\/2024\/06\/logo-sans-fond-1.jpg\" alt=\"\" class=\"wp-image-367\" style=\"width:158px;height:auto\" srcset=\"https:\/\/amicalelaiquetardy.fr\/wp-content\/uploads\/2024\/06\/logo-sans-fond-1.jpg 384w, https:\/\/amicalelaiquetardy.fr\/wp-content\/uploads\/2024\/06\/logo-sans-fond-1-217x300.jpg 217w\" sizes=\"auto, (max-width: 384px) 100vw, 384px\" \/><\/figure>\n<\/div>\n\n\n<h2 class=\"wp-block-heading has-header-gradient-color has-text-color has-link-color has-medium-font-size wp-elements-bfa01a3cd0a6d2d3c5fcdaee6bbe2404\"><strong>Cours<\/strong><\/h2>\n\n\n\n<p class=\"has-text-align-left\">Le club dispose de cr\u00e9neaux de jeux au Gymnase de la Cotonne &#8211; 24, Bd Raoul Duval \u00e0 Saint Etienne les : <br>Lundi de 19H \u00e0 22H<br>Vendredi de 18H \u00e0 22H<br>Dimanche de 18H \u00e0 22H<\/p>\n\n\n\n<p class=\"has-text-align-left\">Vous voulez essayer&nbsp;? Des s\u00e9ances d\u00e9couvertes sont \u00e0 votre disposition les lundis et les vendredis du mois de Septembre 2024 de 19h \u00e0 21h ! <\/p>\n\n\n\n<h3 class=\"wp-block-heading has-text-align-left has-header-gradient-color has-text-color has-link-color has-medium-font-size wp-elements-b455f07765f067a011e3e2fd9bed98e0\"><strong>Tarif et conditions<\/strong><\/h3>\n\n\n\n<p class=\"has-text-align-left\"><strong>Tarif : 90\u20ac<\/strong> (comprenant la licence FFBAD et l\u2019adh\u00e9sion \u00e0 l\u2019amicale)<\/p>\n\n\n\n<h3 class=\"wp-block-heading has-text-align-left has-header-gradient-color has-text-color has-link-color has-medium-font-size wp-elements-7055571ae68149aa2c6ecb139e47f0f4\"><strong>Contact &amp; Adresse<\/strong><\/h3>\n\n\n\n<p class=\"has-text-align-left\">\u00a0Audrey DURAND 07 86 48 70 95 (Co-pr\u00e9sidente)<br>Corentin OJARDIAS\u00a0 07 81 92 81 76 (Co-Pr\u00e9sident)<\/p>\n\n\n\n<p class=\"has-text-align-left\">sbalt.tardy42@gmail.com<\/p>\n\n\n\n<h3 class=\"wp-block-heading has-text-align-left has-header-gradient-color has-text-color has-link-color has-medium-font-size wp-elements-4c910f57ddb4d7c517f9a84e8646aa7d\"><strong>Affiliations<\/strong><\/h3>\n\n\n\n<p class=\"has-text-align-left\">La section Badminton de l\u2019Amicale La\u00efque de Tardy, est affili\u00e9e au Comit\u00e9 D\u00e9partemental de Badminton de la Loire (CODEP) Ligue&nbsp;Rh\u00f4ne-Alpes, \u00e0 la F\u00e9d\u00e9ration nationale de Badminton (FFbad) et \u00e0 l\u2019UFOLEP.<\/p>\n\n\n\n<p>En adh\u00e9rant \u00e0 la section badminton, les badistes adh\u00e8rent \u00e9galement \u00e0 l\u2019Amicale La\u00efque de Tardy, faisant vivre ainsi une association de quartier. La section participe \u00e0 des \u00e9v\u00e9nements organis\u00e9s tels que les brunchs des r\u00e9veils Tardifs et autres&#8230;<\/p>\n\n\n\n<figure class=\"wp-block-gallery has-nested-images columns-default is-cropped wp-block-gallery-1 is-layout-flex wp-block-gallery-is-layout-flex\"><div class=\"wp-block-image is-style-default\">\n<figure class=\"aligncenter size-full\"><img loading=\"lazy\" decoding=\"async\" width=\"4000\" height=\"2250\" data-id=\"360\" src=\"https:\/\/amicalelaiquetardy.fr\/wp-content\/uploads\/2024\/06\/DIAPO-SBALT-AG-AMICALE-2022-1-2-1.png\" alt=\"\" class=\"wp-image-360\" srcset=\"https:\/\/amicalelaiquetardy.fr\/wp-content\/uploads\/2024\/06\/DIAPO-SBALT-AG-AMICALE-2022-1-2-1.png 4000w, https:\/\/amicalelaiquetardy.fr\/wp-content\/uploads\/2024\/06\/DIAPO-SBALT-AG-AMICALE-2022-1-2-1-300x169.png 300w, https:\/\/amicalelaiquetardy.fr\/wp-content\/uploads\/2024\/06\/DIAPO-SBALT-AG-AMICALE-2022-1-2-1-1024x576.png 1024w, https:\/\/amicalelaiquetardy.fr\/wp-content\/uploads\/2024\/06\/DIAPO-SBALT-AG-AMICALE-2022-1-2-1-768x432.png 768w, https:\/\/amicalelaiquetardy.fr\/wp-content\/uploads\/2024\/06\/DIAPO-SBALT-AG-AMICALE-2022-1-2-1-1536x864.png 1536w, https:\/\/amicalelaiquetardy.fr\/wp-content\/uploads\/2024\/06\/DIAPO-SBALT-AG-AMICALE-2022-1-2-1-2048x1152.png 2048w\" sizes=\"auto, (max-width: 4000px) 100vw, 4000px\" \/><\/figure>\n<\/div><\/figure>\n","protected":false},"excerpt":{"rendered":"<p>La section loisirs du SBALT42 vous accueille \u00e0 partir de 18 ans et \u00e0 tout niveau dans un esprit sportif et de d\u00e9tente. Le but \u00e9tant de progresser dans une ambiance conviviale. Une quarantaine de licenci\u00e9s compose la section. Chaque ann\u00e9e le club engage une \u00e9quipe interclubs qui repr\u00e9sente les [&hellip;]<\/p>\n","protected":false},"author":1,"featured_media":351,"parent":0,"menu_order":0,"comment_status":"closed","ping_status":"closed","template":"","meta":{"footnotes":""},"class_list":["post-188","page","type-page","status-publish","has-post-thumbnail","hentry"],"_links":{"self":[{"href":"https:\/\/amicalelaiquetardy.fr\/index.php\/wp-json\/wp\/v2\/pages\/188","targetHints":{"allow":["GET"]}}],"collection":[{"href":"https:\/\/amicalelaiquetardy.fr\/index.php\/wp-json\/wp\/v2\/pages"}],"about":[{"href":"https:\/\/amicalelaiquetardy.fr\/index.php\/wp-json\/wp\/v2\/types\/page"}],"author":[{"embeddable":true,"href":"https:\/\/amicalelaiquetardy.fr\/index.php\/wp-json\/wp\/v2\/users\/1"}],"replies":[{"embeddable":true,"href":"https:\/\/amicalelaiquetardy.fr\/index.php\/wp-json\/wp\/v2\/comments?post=188"}],"version-history":[{"count":25,"href":"https:\/\/amicalelaiquetardy.fr\/index.php\/wp-json\/wp\/v2\/pages\/188\/revisions"}],"predecessor-version":[{"id":1147,"href":"https:\/\/amicalelaiquetardy.fr\/index.php\/wp-json\/wp\/v2\/pages\/188\/revisions\/1147"}],"wp:featuredmedia":[{"embeddable":true,"href":"https:\/\/amicalelaiquetardy.fr\/index.php\/wp-json\/wp\/v2\/media\/351"}],"wp:attachment":[{"href":"https:\/\/amicalelaiquetardy.fr\/index.php\/wp-json\/wp\/v2\/media?parent=188"}],"curies":[{"name":"wp","href":"https:\/\/api.w.org\/{rel}","templated":true}]}}