{"id":213,"date":"2024-05-22T13:57:43","date_gmt":"2024-05-22T11:57:43","guid":{"rendered":"https:\/\/amicalelaiquetardy.fr\/?page_id=213"},"modified":"2024-05-22T13:57:44","modified_gmt":"2024-05-22T11:57:44","slug":"domaines-dactivites-2","status":"publish","type":"page","link":"https:\/\/amicalelaiquetardy.fr\/index.php\/domaines-dactivites-2\/","title":{"rendered":"Domaines d&rsquo;activit\u00e9s"},"content":{"rendered":"\n<p class=\"has-text-align-center\">Comme \u00e0 ses d\u00e9buts, l\u2019amicale continue d\u2019oeuvrer au d\u00e9veloppement de grands domaines d\u2019activit\u00e9 que sont la culture, le social et l\u2019\u00e9ducation. Trois entit\u00e9s fortes en sont le symbole :<br>Le Th\u00e9\u00e2tre, l\u2019Accueil de l\u2019amicale et le Centre de loisirs.<\/p>\n\n\n\n<h2 class=\"wp-block-heading has-header-gradient-color has-text-color has-link-color has-medium-font-size wp-elements-4397b9d60badef8202d15806de525fde\">Culturel : Le Th\u00e9\u00e2tre<\/h2>\n\n\n\n<p>L\u2019Amicale conduit une action sur le volet culturel importante et particuli\u00e8rement dynamique. Les projets qu\u2019elle met en place se d\u00e9roulent dans tous les espaces qu\u2019elle occupe, \u00e0 la fois au niveau du th\u00e9\u00e2tre, de la Salle du Cercle mais aussi des espaces ext\u00e9rieurs. Elle m\u00e8ne jusqu\u2019\u00e0 maintenant une politique :<\/p>\n\n\n\n<ul class=\"wp-block-list\">\n<li>d\u2019accueil en r\u00e9sidence d\u2019acteurs culturels,<\/li>\n\n\n\n<li>de mise \u00e0 disposition de ses locaux pour des initiatives individuelles port\u00e9es par les partenaires avec lesquels elle travaille (compagnies, associations, etc),<\/li>\n\n\n\n<li>de soutien \u00e0 la diffusion amateur, en accueillant nombre de galas et repr\u00e9sentations de fin d\u2019ann\u00e9e au sein de son th\u00e9\u00e2tre.<\/li>\n<\/ul>\n\n\n\n<p><strong>Les r\u00e9sidences de compagnies et mises \u00e0 disposition<\/strong><br>L\u2019Amicale de Tardy a fonctionn\u00e9 comme un laboratoire de r\u00e9sidence pour les compagnies dites \u00e9mergentes en amont des travaux de la Com\u00e8te.<br>Son implication dans l\u2019\u00e9mergence de jeunes talents st\u00e9phanois a transform\u00e9 l\u2019Amicale en un lieu d\u2019expression et de cr\u00e9ation. Cr\u00e9ant ainsi un vrai terrain d\u2019exp\u00e9rimentations et une r\u00e9elle ouverture \u00e0 de nouveaux publics.<br>Aujourd\u2019hui, elle continue d&rsquo;accueillir des compagnies, conventionn\u00e9es ou non. Celles-ci ont le choix de louer l\u2019espace ou d\u2019offrir une contrepartie : soit une m\u00e9diation aupr\u00e8s des habitants et\/ou une restitution publique du travail en cours.<\/p>\n\n\n\n<p><br><strong>Centre de diffusion amateur<\/strong><br>Forte de son exp\u00e9rience d\u2019accueil de spectacles dits \u00ab pros \u00bb pendant plusieurs ann\u00e9es, l\u2019AL Tardy n\u2019a jamais cess\u00e9 d\u2019ouvrir les portes de son th\u00e9\u00e2tre aux plus petites compagnies et autres \u00e9coles de musique, de danse, chorales etc \u2026. Elle offre ainsi la possibilit\u00e9 de jouer dans des conditions sc\u00e9niques professionnelles ainsi que de jouir d\u2019une capacit\u00e9 d\u2019accueil cons\u00e9quente.<\/p>\n\n\n\n<h2 class=\"wp-block-heading has-header-gradient-color has-text-color has-link-color has-medium-font-size wp-elements-661e46057f86909812a4fc781e9dbdd2\">Social : Accueil \u00e0 l\u2019amicale<\/h2>\n\n\n\n<p>L\u2019Amicale s\u2019engage \u00e0 travers l\u2019ensemble de ses actions \u00e0 mettre \u00e0 disposition ses espaces pour accueillir le public et ainsi faire perdurer une vie de quartier et du lien social entre les habitants. L\u2019ouverture stimule un flux de visiteurs issus du quartier, de toute la ville de Saint-Etienne et parfois des villes voisines.<\/p>\n\n\n\n<p><br><strong>Espace d\u2019\u00e9changes, de travail et accueil d\u2019associations<\/strong><br>Consciente des r\u00e9alit\u00e9s \u00e9conomiques du monde associatif, l\u2019AL Tardy a toujours \u00e9t\u00e9 solidaire de projets collectifs. C\u2019est pour cela qu\u2019elle accueille r\u00e9guli\u00e8rement des associations ayant pour but d\u2019informer sur des situations de pr\u00e9carit\u00e9 (SOS M\u00e9diterran\u00e9e), d\u2019entraide (Terrain d\u2019entente), de lien sur le quartier (Habitat et Humanisme)\u2026 Ce fonctionnement solidaire permet de cr\u00e9er de nouvelles rencontres, de mixer de nouveaux publics et donc de renforcer la notion de collectif ch\u00e8re aux Amicales.<\/p>\n\n\n\n<p><br><strong>Organisation d\u2019\u00e9v\u00e9nements festifs et de socialisation<\/strong><br>Le lieu reste ouvert pour des \u00e9v\u00e9nements \u00e0 caract\u00e8re festif. La cuisine r\u00e9nov\u00e9e donne lieu \u00e0 des moments partag\u00e9s autour de repas (go\u00fbters pour les enfants de l\u2019\u00e9cole ou go\u00fbter d\u2019accueil, soupe de la f\u00eate des loupiotes, brunchs etc\u2026). Le \u00ab coin \u00bb bar est aussi un espace de rencontres et de lien social. Et enfin la salle du cercle, le terrain de basket ou encore de boules s\u2019av\u00e8rent \u00eatre des lieux vivants pour certaines personnes du quartier.<\/p>\n\n\n\n<h2 class=\"wp-block-heading has-header-gradient-color has-text-color has-link-color has-medium-font-size wp-elements-da0294e123340d5d6f44cbec8b98dafc\">\u00c9ducatif : Centre de loisirs<\/h2>\n\n\n\n<p>Pour r\u00e9pondre aux besoins des familles, un Accueil de Loisirs Sans H\u00e9bergement et un Accueil P\u00e9riscolaire sont port\u00e9s toute l\u2019ann\u00e9e par le CLSH de Tardy. Le centre de loisirs accueille les enfants scolaris\u00e9s de 3 \u00e0 12 ans. Il est agr\u00e9ment\u00e9 (par la VSE, la CAF, la DDCS ainsi que par le Conseil G\u00e9n\u00e9ral) pour l\u2019accueil de 50 enfants (maximum), pendant ou en dehors des jours d\u2019\u00e9cole.<\/p>\n\n\n\n<p><br><strong>Accueil au centre de loisirs<\/strong><br>V\u00e9ritable lieu d\u2019animations en plein c\u0153ur du quartier de Tardy, \u00e0 Saint-\u00c9tienne, le Centre de loisirs participe \u00e0 l\u2019\u00e9ducation des enfants, en particulier sur le plan social :<\/p>\n\n\n\n<ul class=\"wp-block-list\">\n<li>sur le temps p\u00e9riscolaire, pendant les jours d\u2019\u00e9cole : l\u2019accueil p\u00e9riscolaire est compl\u00e9mentaire du projet d\u2019\u00e9cole et propose essentiellement des activit\u00e9s \u00e9ducatives favorisant le d\u00e9veloppement de l\u2019enfant. Il fonctionne d\u00e8s la rentr\u00e9e scolaire, les lundis, mardis, jeudis et vendredis, hors vacances.<\/li>\n\n\n\n<li>sur le temps extrascolaire, pendant les vacances scolaires et les mercredis : l\u2019accueil de loisirs est avant tout un lieu d\u2019\u00e9veil et de socialisation qui repr\u00e9sente un troisi\u00e8me p\u00f4le dans la vie de l\u2019enfant \u00e0 c\u00f4t\u00e9 et, en coordination, avec la famille et l\u2019\u00e9cole.<\/li>\n<\/ul>\n\n\n\n<p>Ainsi, l\u2019interaction permanente des volets culturel, \u00e9ducatif et social a contribu\u00e9 \u00e0 forger la nouvelle identit\u00e9 du lieu, inspirant un nouveau mod\u00e8le d\u2019Amicale La\u00efque.<\/p>\n","protected":false},"excerpt":{"rendered":"<p>Comme \u00e0 ses d\u00e9buts, l\u2019amicale continue d\u2019oeuvrer au d\u00e9veloppement de grands domaines d\u2019activit\u00e9 que sont la culture, le social et l\u2019\u00e9ducation. Trois entit\u00e9s fortes en sont le symbole :Le Th\u00e9\u00e2tre, l\u2019Accueil de l\u2019amicale et le Centre de loisirs. Culturel : Le Th\u00e9\u00e2tre L\u2019Amicale conduit une action sur le volet culturel [&hellip;]<\/p>\n","protected":false},"author":1,"featured_media":0,"parent":0,"menu_order":0,"comment_status":"closed","ping_status":"closed","template":"","meta":{"footnotes":""},"class_list":["post-213","page","type-page","status-publish","hentry"],"_links":{"self":[{"href":"https:\/\/amicalelaiquetardy.fr\/index.php\/wp-json\/wp\/v2\/pages\/213","targetHints":{"allow":["GET"]}}],"collection":[{"href":"https:\/\/amicalelaiquetardy.fr\/index.php\/wp-json\/wp\/v2\/pages"}],"about":[{"href":"https:\/\/amicalelaiquetardy.fr\/index.php\/wp-json\/wp\/v2\/types\/page"}],"author":[{"embeddable":true,"href":"https:\/\/amicalelaiquetardy.fr\/index.php\/wp-json\/wp\/v2\/users\/1"}],"replies":[{"embeddable":true,"href":"https:\/\/amicalelaiquetardy.fr\/index.php\/wp-json\/wp\/v2\/comments?post=213"}],"version-history":[{"count":2,"href":"https:\/\/amicalelaiquetardy.fr\/index.php\/wp-json\/wp\/v2\/pages\/213\/revisions"}],"predecessor-version":[{"id":215,"href":"https:\/\/amicalelaiquetardy.fr\/index.php\/wp-json\/wp\/v2\/pages\/213\/revisions\/215"}],"wp:attachment":[{"href":"https:\/\/amicalelaiquetardy.fr\/index.php\/wp-json\/wp\/v2\/media?parent=213"}],"curies":[{"name":"wp","href":"https:\/\/api.w.org\/{rel}","templated":true}]}}