{"id":228,"date":"2024-05-23T10:33:19","date_gmt":"2024-05-23T08:33:19","guid":{"rendered":"https:\/\/amicalelaiquetardy.fr\/?page_id=228"},"modified":"2024-05-27T15:13:29","modified_gmt":"2024-05-27T13:13:29","slug":"atelier-chansons-les-rubans-de-jeannette","status":"publish","type":"page","link":"https:\/\/amicalelaiquetardy.fr\/index.php\/atelier-chansons-les-rubans-de-jeannette\/","title":{"rendered":"Atelier Chansons &#8211; Les rubans de Jeannette"},"content":{"rendered":"\n<p class=\"has-text-align-center\">Depuis 2006, une quinzaine de femmes se retrouvent un samedi matin par mois pour chanter,<br>Groupe f\u00e9minin, c\u2019est notre marque de fabrique. Les nouvelles recrues sont les bienvenues.<\/p>\n\n\n\n<figure class=\"wp-block-gallery has-nested-images columns-default is-cropped wp-block-gallery-1 is-layout-flex wp-block-gallery-is-layout-flex\"><div class=\"wp-block-image is-style-default\">\n<figure class=\"aligncenter size-full\"><img loading=\"lazy\" decoding=\"async\" width=\"2560\" height=\"1440\" data-id=\"232\" src=\"https:\/\/amicalelaiquetardy.fr\/wp-content\/uploads\/2024\/05\/P1130083-2-edited-scaled.jpg\" alt=\"\" class=\"wp-image-232\" srcset=\"https:\/\/amicalelaiquetardy.fr\/wp-content\/uploads\/2024\/05\/P1130083-2-edited-scaled.jpg 2560w, https:\/\/amicalelaiquetardy.fr\/wp-content\/uploads\/2024\/05\/P1130083-2-edited-300x169.jpg 300w, https:\/\/amicalelaiquetardy.fr\/wp-content\/uploads\/2024\/05\/P1130083-2-edited-1024x576.jpg 1024w, https:\/\/amicalelaiquetardy.fr\/wp-content\/uploads\/2024\/05\/P1130083-2-edited-768x432.jpg 768w, https:\/\/amicalelaiquetardy.fr\/wp-content\/uploads\/2024\/05\/P1130083-2-edited-1536x864.jpg 1536w, https:\/\/amicalelaiquetardy.fr\/wp-content\/uploads\/2024\/05\/P1130083-2-edited-2048x1152.jpg 2048w\" sizes=\"auto, (max-width: 2560px) 100vw, 2560px\" \/><\/figure>\n<\/div><\/figure>\n\n\n\n<p><strong>Objectif<\/strong>&nbsp;: (re)-trouver le plaisir de chanter \u00e0 plusieurs, \u00e9largir sa connaissance de<br>la chanson fran\u00e7aise. La pratique du chant donne du plaisir et participe au lien social.<br>Une mise en condition physique&nbsp;pr\u00e9alable&nbsp;est pratiqu\u00e9e au d\u00e9but de chaque atelier.<br>On insiste sur l\u2019expressivit\u00e9, l\u2019interpr\u00e9tation et la mise en sc\u00e8ne.<\/p>\n\n\n\n<p><strong>R\u00e9pertoire<\/strong>&nbsp;: Chanson fran\u00e7aise et chants du monde. Les choix se portent sur<br>l\u2019originalit\u00e9, la po\u00e9sie et souvent l\u2019engagement&nbsp;: une tendance humaniste assez forte<br>\u00e9mane de ces choix. Auto d\u00e9rision et humour parfois. Nous privil\u00e9gions les autrices et<br>compositrices qui sont trop peu m\u00e9diatis\u00e9es.<\/p>\n\n\n\n<p><strong>Vie publique<\/strong>&nbsp;: le groupe \u00ab&nbsp;offre&nbsp;\u00bb des repr\u00e9sentations pour des occasions festives<br>ou solidaires&nbsp;: Soir\u00e9es de soutien, f\u00eate de quartier, rencontres associatives et parfois<br>apparition dans un bus ou des places de march\u00e9s.<\/p>\n\n\n\n<p><strong>Projets<\/strong>&nbsp;: Les&nbsp;Rubans J&nbsp;\u00bb se sont pr\u00e9sent\u00e9 souvent r\u00e9pertoire f\u00e9ministe dans un<br>spectacle de textes et de chansons th\u00e9\u00e2tralis\u00e9es&nbsp;: Tout-feu Tout-femme.<br>Elles ajoutent aujourd\u2019hui \u00e0 leur r\u00e9pertoire des chants qui parlent d\u2019environnement<br>de droits de la nature, de nourriture, de paysannerie.<\/p>\n\n\n\n<p><strong>Organisation<\/strong>\u00a0: Le groupe s\u2019autog\u00e8re pour les choix qui le concernent.<br><strong>Lieu<\/strong>\u00a0: L\u2019atelier est accueilli dans les locaux de l\u2019Amicale La\u00efque TARDY (Saint Etienne)<\/p>\n\n\n\n<p><strong>Support associatif<\/strong>&nbsp;: Compagnie PARABOLES <br><strong>Contact&nbsp;<\/strong>: 06 61 57 96 59 <\/p>\n","protected":false},"excerpt":{"rendered":"<p>Depuis 2006, une quinzaine de femmes se retrouvent un samedi matin par mois pour chanter,Groupe f\u00e9minin, c\u2019est notre marque de fabrique. Les nouvelles recrues sont les bienvenues. Objectif&nbsp;: (re)-trouver le plaisir de chanter \u00e0 plusieurs, \u00e9largir sa connaissance dela chanson fran\u00e7aise. La pratique du chant donne du plaisir et participe [&hellip;]<\/p>\n","protected":false},"author":1,"featured_media":229,"parent":0,"menu_order":0,"comment_status":"closed","ping_status":"closed","template":"","meta":{"footnotes":""},"class_list":["post-228","page","type-page","status-publish","has-post-thumbnail","hentry"],"_links":{"self":[{"href":"https:\/\/amicalelaiquetardy.fr\/index.php\/wp-json\/wp\/v2\/pages\/228","targetHints":{"allow":["GET"]}}],"collection":[{"href":"https:\/\/amicalelaiquetardy.fr\/index.php\/wp-json\/wp\/v2\/pages"}],"about":[{"href":"https:\/\/amicalelaiquetardy.fr\/index.php\/wp-json\/wp\/v2\/types\/page"}],"author":[{"embeddable":true,"href":"https:\/\/amicalelaiquetardy.fr\/index.php\/wp-json\/wp\/v2\/users\/1"}],"replies":[{"embeddable":true,"href":"https:\/\/amicalelaiquetardy.fr\/index.php\/wp-json\/wp\/v2\/comments?post=228"}],"version-history":[{"count":5,"href":"https:\/\/amicalelaiquetardy.fr\/index.php\/wp-json\/wp\/v2\/pages\/228\/revisions"}],"predecessor-version":[{"id":315,"href":"https:\/\/amicalelaiquetardy.fr\/index.php\/wp-json\/wp\/v2\/pages\/228\/revisions\/315"}],"wp:featuredmedia":[{"embeddable":true,"href":"https:\/\/amicalelaiquetardy.fr\/index.php\/wp-json\/wp\/v2\/media\/229"}],"wp:attachment":[{"href":"https:\/\/amicalelaiquetardy.fr\/index.php\/wp-json\/wp\/v2\/media?parent=228"}],"curies":[{"name":"wp","href":"https:\/\/api.w.org\/{rel}","templated":true}]}}