{"id":276,"date":"2024-05-23T15:23:49","date_gmt":"2024-05-23T13:23:49","guid":{"rendered":"https:\/\/amicalelaiquetardy.fr\/?page_id=276"},"modified":"2025-09-04T14:35:03","modified_gmt":"2025-09-04T12:35:03","slug":"aquagym","status":"publish","type":"page","link":"https:\/\/amicalelaiquetardy.fr\/index.php\/aquagym\/","title":{"rendered":"Aquagym"},"content":{"rendered":"\n<p class=\"has-text-align-center\">Venez d\u00e9couvrir l&rsquo;aquagym ! Cette activit\u00e9 adapt\u00e9e \u00e0 tous et toutes allie parfaitement sport et d\u00e9tente. <\/p>\n\n\n\n<h2 class=\"wp-block-heading has-header-gradient-color has-text-color has-link-color has-medium-font-size wp-elements-0b7d7cbc025cc7212a18f0ecb8f027d8\">Cours <\/h2>\n\n\n\n<p>Piscine Raymond Sommet &#8211; Plaine Achille<br>Avec moniteur : les lundis de 12h45 \u00e0 13h30<br>Aucun entrainement n&rsquo;est assur\u00e9 pendant les vacances scolaires<\/p>\n\n\n\n<h2 class=\"wp-block-heading has-header-gradient-color has-text-color has-link-color has-medium-font-size wp-elements-6dd40608d442094befbe92c7facb20e0\">Inscriptions et tarifs<\/h2>\n\n\n\n<p><strong>Documents obligatoires :<\/strong><\/p>\n\n\n\n<p>&#8211; Une fiche d&rsquo;inscription d\u00fbment remplie<\/p>\n\n\n\n<p>&#8211; Un <strong>certificat m\u00e9dical&nbsp;: <\/strong>Ce certificat doit mentionner explicitement que la personne ne pr\u00e9sente pas de contre indication \u00e0 la pratique de l\u2019activit\u00e9 AQUAGYM<\/p>\n\n\n\n<p>&#8211; Le r\u00e8glement de la cotisation correspondant \u00e0 la licence f\u00e9d\u00e9rale UFOLEP et l&rsquo;adh\u00e9sion \u00e0 l\u2019activit\u00e9<\/p>\n\n\n\n<p>AUCUNE INSCRIPTION NE SERA ENREGISTREE AVEC UN DOSSIER INCOMPLET<br>L\u2019acc\u00e8s \u00e0 la piscine ne sera pas autoris\u00e9 sans certificat m\u00e9dical et fiche d&rsquo;inscription<\/p>\n\n\n\n<p><strong>Cotisations pour la saison 24\/25 <\/strong>: 130\u20ac<\/p>\n\n\n\n<h2 class=\"wp-block-heading has-header-gradient-color has-text-color has-link-color has-medium-font-size wp-elements-12b3cb710cdfd238b14015bd9b0ddb05\">Contacts<\/h2>\n\n\n\n<p>Responsable activit\u00e9 : Juliette MANDARD &#8211; 06 52 73 83 10 &#8211; coordination.tardy@gmail.com<br>Moniteur : Ghani SAOUABI<\/p>\n","protected":false},"excerpt":{"rendered":"<p>Venez d\u00e9couvrir l&rsquo;aquagym ! Cette activit\u00e9 adapt\u00e9e \u00e0 tous et toutes allie parfaitement sport et d\u00e9tente. Cours Piscine Raymond Sommet &#8211; Plaine AchilleAvec moniteur : les lundis de 12h45 \u00e0 13h30Aucun entrainement n&rsquo;est assur\u00e9 pendant les vacances scolaires Inscriptions et tarifs Documents obligatoires : &#8211; Une fiche d&rsquo;inscription d\u00fbment remplie [&hellip;]<\/p>\n","protected":false},"author":1,"featured_media":277,"parent":0,"menu_order":0,"comment_status":"closed","ping_status":"closed","template":"","meta":{"footnotes":""},"class_list":["post-276","page","type-page","status-publish","has-post-thumbnail","hentry"],"_links":{"self":[{"href":"https:\/\/amicalelaiquetardy.fr\/index.php\/wp-json\/wp\/v2\/pages\/276","targetHints":{"allow":["GET"]}}],"collection":[{"href":"https:\/\/amicalelaiquetardy.fr\/index.php\/wp-json\/wp\/v2\/pages"}],"about":[{"href":"https:\/\/amicalelaiquetardy.fr\/index.php\/wp-json\/wp\/v2\/types\/page"}],"author":[{"embeddable":true,"href":"https:\/\/amicalelaiquetardy.fr\/index.php\/wp-json\/wp\/v2\/users\/1"}],"replies":[{"embeddable":true,"href":"https:\/\/amicalelaiquetardy.fr\/index.php\/wp-json\/wp\/v2\/comments?post=276"}],"version-history":[{"count":8,"href":"https:\/\/amicalelaiquetardy.fr\/index.php\/wp-json\/wp\/v2\/pages\/276\/revisions"}],"predecessor-version":[{"id":885,"href":"https:\/\/amicalelaiquetardy.fr\/index.php\/wp-json\/wp\/v2\/pages\/276\/revisions\/885"}],"wp:featuredmedia":[{"embeddable":true,"href":"https:\/\/amicalelaiquetardy.fr\/index.php\/wp-json\/wp\/v2\/media\/277"}],"wp:attachment":[{"href":"https:\/\/amicalelaiquetardy.fr\/index.php\/wp-json\/wp\/v2\/media?parent=276"}],"curies":[{"name":"wp","href":"https:\/\/api.w.org\/{rel}","templated":true}]}}