{"id":287,"date":"2024-05-23T15:53:13","date_gmt":"2024-05-23T13:53:13","guid":{"rendered":"https:\/\/amicalelaiquetardy.fr\/?page_id=287"},"modified":"2024-06-05T12:16:46","modified_gmt":"2024-06-05T10:16:46","slug":"tardy-momes","status":"publish","type":"page","link":"https:\/\/amicalelaiquetardy.fr\/index.php\/tardy-momes\/","title":{"rendered":"Tardy M\u00f4mes"},"content":{"rendered":"\n<p><\/p>\n\n\n\n<h2 class=\"wp-block-heading has-header-gradient-color has-text-color has-link-color has-medium-font-size wp-elements-2a4128ae2c3fec5e60e4c6aca38219bb\">Que faisons nous ? <\/h2>\n\n\n\n<p>La section Tardy M\u00f4mes a pour but de proposer aux enfants de l&rsquo;\u00e9cole de Tardy des \u00e9v\u00e8nements aux valeurs festives, p\u00e9dagogique et avec une envergure \u00e9cologique tout au long de l&rsquo;ann\u00e9e. Elle sera le lien entre l&rsquo;\u00e9cole, les parents et l&rsquo;amicale la\u00efque de Tardy.<\/p>\n\n\n\n<p>Les manifestations propos\u00e9es auront pour but de f\u00e9d\u00e9rer les familles du quartier, dans un esprit d&rsquo;ouverture et de rencontre. Elles seront aussi faites pour r\u00e9colter des fonds afin de financer les diff\u00e9rents projets des \u00e9coles El\u00e9mentaire et Maternelle de Tardy&nbsp;: voyage de classe et projet p\u00e9dagogique propos\u00e9 par les enseignants.<\/p>\n\n\n\n<p>Nous tenterons d&rsquo;apporter un attention particuli\u00e8re aux initiatives collaboratives, au \u00ab&nbsp;Do it yourself&nbsp;\u00bb, et \u00e0 la transmission.<\/p>\n\n\n\n<p>R\u00e9duire R\u00e9utiliser Recycler sont aussi 3 mots qui nous tiennent \u00e0 c\u0153ur dans nos projets.<\/p>\n\n\n\n<h2 class=\"wp-block-heading has-header-gradient-color has-text-color has-link-color has-medium-font-size wp-elements-78726e82f3d1cb0d1313f568c22c20d6\">Ev\u00e8nements r\u00e9currents <\/h2>\n\n\n\n<p>-Le go\u00fbter d&rsquo;Halloween&nbsp;: organis\u00e9 avant les vacances de la Toussaint, nous invitons les enfants \u00e0 venir d\u00e9guis\u00e9s et \u00e0 partager un go\u00fbter dans la cour de l&rsquo;\u00e9cole. Maquillages et bonbons sont offert par la section Tardy M\u00f4mes.<\/p>\n\n\n\n<p>-La F\u00eate des Loupiotes&nbsp;: organis\u00e9e avant les vacances de No\u00ebl, nous proposons \u00e0 tous les habitants du quartier de venir faire une d\u00e9ambulation nocturne et en musique avec des loupiotes offert par la section. Nous nous r\u00e9unirons ensuite autours d&rsquo;un vin chaud, d&rsquo;un th\u00e9, ou d&rsquo;un chocolat chaud<\/p>\n\n\n\n<p>-Le Brunch \u00ab\u00a0Vide ta Chambre\u00a0\u00bb : organis\u00e9 courant mars, la section vous propose un menu v\u00e9g\u00e9tarien sucr\u00e9 et sal\u00e9, des animations et la possibilit\u00e9 pour vos enfants de faire du tri ! <\/p>\n\n\n\n<p>-la f\u00eate de l&rsquo;\u00e9cole\/kermesse\u00a0: organis\u00e9 fin juin , elle vient finaliser l&rsquo;ann\u00e9e \u00e9coul\u00e9e. Elle est organis\u00e9e par les parents avec des jeux, un go\u00fbter et des boissons. Possibilit\u00e9 de proposer un barbecue le soir si le nombre d&rsquo;inscrit est cons\u00e9quent.<\/p>\n\n\n\n<p>Ces \u00e9v\u00e9nements ne sont pas grav\u00e9s dans le marbre, et peuvent \u00e9voluer selon vos envies et id\u00e9es !<\/p>\n\n\n\n<h2 class=\"wp-block-heading has-header-gradient-color has-text-color has-link-color has-medium-font-size wp-elements-0671964c174bc5c706b22f5a71a04837\">Contact<\/h2>\n\n\n\n<p>Pour \u00eatre b\u00e9n\u00e9vole ou avoir des informations : tardy.momes@gmail.com<\/p>\n\n\n<div class=\"wp-block-image\">\n<figure class=\"aligncenter size-large is-resized\"><img loading=\"lazy\" decoding=\"async\" width=\"946\" height=\"1024\" src=\"https:\/\/amicalelaiquetardy.fr\/wp-content\/uploads\/2024\/05\/logo-Tardy-momes-946x1024.jpg\" alt=\"\" class=\"wp-image-288\" style=\"width:343px;height:auto\" srcset=\"https:\/\/amicalelaiquetardy.fr\/wp-content\/uploads\/2024\/05\/logo-Tardy-momes-946x1024.jpg 946w, https:\/\/amicalelaiquetardy.fr\/wp-content\/uploads\/2024\/05\/logo-Tardy-momes-277x300.jpg 277w, https:\/\/amicalelaiquetardy.fr\/wp-content\/uploads\/2024\/05\/logo-Tardy-momes-768x831.jpg 768w, https:\/\/amicalelaiquetardy.fr\/wp-content\/uploads\/2024\/05\/logo-Tardy-momes-1419x1536.jpg 1419w, https:\/\/amicalelaiquetardy.fr\/wp-content\/uploads\/2024\/05\/logo-Tardy-momes.jpg 1592w\" sizes=\"auto, (max-width: 946px) 100vw, 946px\" \/><\/figure>\n<\/div>","protected":false},"excerpt":{"rendered":"<p>Que faisons nous ? La section Tardy M\u00f4mes a pour but de proposer aux enfants de l&rsquo;\u00e9cole de Tardy des \u00e9v\u00e8nements aux valeurs festives, p\u00e9dagogique et avec une envergure \u00e9cologique tout au long de l&rsquo;ann\u00e9e. Elle sera le lien entre l&rsquo;\u00e9cole, les parents et l&rsquo;amicale la\u00efque de Tardy. Les manifestations [&hellip;]<\/p>\n","protected":false},"author":1,"featured_media":291,"parent":0,"menu_order":0,"comment_status":"closed","ping_status":"closed","template":"","meta":{"footnotes":""},"class_list":["post-287","page","type-page","status-publish","has-post-thumbnail","hentry"],"_links":{"self":[{"href":"https:\/\/amicalelaiquetardy.fr\/index.php\/wp-json\/wp\/v2\/pages\/287","targetHints":{"allow":["GET"]}}],"collection":[{"href":"https:\/\/amicalelaiquetardy.fr\/index.php\/wp-json\/wp\/v2\/pages"}],"about":[{"href":"https:\/\/amicalelaiquetardy.fr\/index.php\/wp-json\/wp\/v2\/types\/page"}],"author":[{"embeddable":true,"href":"https:\/\/amicalelaiquetardy.fr\/index.php\/wp-json\/wp\/v2\/users\/1"}],"replies":[{"embeddable":true,"href":"https:\/\/amicalelaiquetardy.fr\/index.php\/wp-json\/wp\/v2\/comments?post=287"}],"version-history":[{"count":6,"href":"https:\/\/amicalelaiquetardy.fr\/index.php\/wp-json\/wp\/v2\/pages\/287\/revisions"}],"predecessor-version":[{"id":323,"href":"https:\/\/amicalelaiquetardy.fr\/index.php\/wp-json\/wp\/v2\/pages\/287\/revisions\/323"}],"wp:featuredmedia":[{"embeddable":true,"href":"https:\/\/amicalelaiquetardy.fr\/index.php\/wp-json\/wp\/v2\/media\/291"}],"wp:attachment":[{"href":"https:\/\/amicalelaiquetardy.fr\/index.php\/wp-json\/wp\/v2\/media?parent=287"}],"curies":[{"name":"wp","href":"https:\/\/api.w.org\/{rel}","templated":true}]}}