{"id":297,"date":"2024-05-24T11:41:57","date_gmt":"2024-05-24T09:41:57","guid":{"rendered":"https:\/\/amicalelaiquetardy.fr\/?page_id=297"},"modified":"2024-09-18T16:22:30","modified_gmt":"2024-09-18T14:22:30","slug":"sarbacane","status":"publish","type":"page","link":"https:\/\/amicalelaiquetardy.fr\/index.php\/sarbacane\/","title":{"rendered":"Sarbacane"},"content":{"rendered":"\n<h2 class=\"wp-block-heading has-header-gradient-color has-text-color has-link-color has-medium-font-size wp-elements-0b7d7cbc025cc7212a18f0ecb8f027d8\">Cours <\/h2>\n\n\n\n<p>Entrainement \u00e0 l&rsquo;Amicale La\u00efque de Tardy le mardi de 17h30 \u00e0 19h30 sauf pendant les vacances scolaires.<br>La section organise \u00e9galement des initiations au tir \u00e0 la sarbacane. Elle re\u00e7oit, \u00e0 l\u2019amicale,&nbsp; les groupes d\u2019adultes ou enfants pour des s\u00e9ances de tir. Elle peut aussi se d\u00e9placer pour cette activit\u00e9.<\/p>\n\n\n\n<h2 class=\"wp-block-heading has-header-gradient-color has-text-color has-link-color has-medium-font-size wp-elements-512176a3018fcf148e3cd25f8e53b0de\">Inscriptions et tarifs <\/h2>\n\n\n\n<p>L\u2019adh\u00e9sion \u00e0 l\u2019ALT est obligatoire.<br>La carte est valable pour la saison sportive du 1<sup>er<\/sup> septembre au 30 juin de l\u2019ann\u00e9e suivante.<br>Tarif annuel adulte\u00a0: 12.00\u20ac<br>Tarif annuel jeunes de 12 \u00e0 14 ans\u00a0:\u00a07\u20ac<br>Autorisation parentale obligatoire pour les enfants de plus de 12 ans<br>Accompagnement obligatoire par un parent pour les\u2019 enfants de moins de \u00a012 ans.<\/p>\n\n\n\n<h2 class=\"wp-block-heading has-header-gradient-color has-text-color has-link-color has-medium-font-size wp-elements-0671964c174bc5c706b22f5a71a04837\">Contact<\/h2>\n\n\n\n<p>Pr\u00e9sident de la Section SARBACANE : Charles Ruch &#8211; 06 87 92 22 69 &#8211; Charles.ruch@laposte.net<\/p>\n\n\n<div class=\"wp-block-image\">\n<figure class=\"aligncenter size-full is-resized\"><img loading=\"lazy\" decoding=\"async\" width=\"509\" height=\"509\" src=\"https:\/\/amicalelaiquetardy.fr\/wp-content\/uploads\/2024\/06\/IMG_20240623_184357.jpg\" alt=\"\" class=\"wp-image-437\" style=\"width:295px;height:auto\" srcset=\"https:\/\/amicalelaiquetardy.fr\/wp-content\/uploads\/2024\/06\/IMG_20240623_184357.jpg 509w, https:\/\/amicalelaiquetardy.fr\/wp-content\/uploads\/2024\/06\/IMG_20240623_184357-300x300.jpg 300w, https:\/\/amicalelaiquetardy.fr\/wp-content\/uploads\/2024\/06\/IMG_20240623_184357-150x150.jpg 150w\" sizes=\"auto, (max-width: 509px) 100vw, 509px\" \/><\/figure>\n<\/div>\n\n\n<h2 class=\"wp-block-heading has-header-gradient-color has-text-color has-link-color has-medium-font-size wp-elements-39dbf0d3dd00a53417ae7a4d10057ed0\">S\u00e9ances de d\u00e9couverte et initiation <\/h2>\n\n\n\n<p><em>Le tir \u00e0 la Sarbacane est un tir sportif de pr\u00e9cision au m\u00eame titre le tir \u00e0 l\u2019arc ou le tir aux armes \u00e0 feu.<\/em> <em>La diff\u00e9rence r\u00e9side uniquement dans la m\u00e9thode utilis\u00e9e pour lancer le projectile&nbsp;:<\/em> <em>la tension de l\u2019arc pour le tir \u00e0 l\u2019arc, la charge de poudre dans la cartouche pour le tir aux armes \u00e0 feu<\/em>. <em>Et\u2026le souffle pour le tir \u00e0 la sarbacane.<\/em> <em>A Saint Etienne (et sa r\u00e9gion) le tir \u00e0 la sarbacane a \u00e9t\u00e9 pr\u00e9f\u00e9r\u00e9 au tir \u00e0 l\u2019arc par une population qui souhaitait avoir sa propre activit\u00e9 de loisir ou sportive&nbsp;: ce sont en premier les armuriers et les passementiers. R\u00e9unis en corporation, ils avaient leurs propres soci\u00e9t\u00e9s o\u00f9 ils pouvaient exercer leur passe temps dominical.<\/em> <em>La m\u00e9thode de tir \u00e0 la sarbacane qui sera pr\u00e9sent\u00e9e est unique et pratiqu\u00e9e uniquement \u00e0 St Etienne et sa r\u00e9gion. Faire conna\u00eetre le tir \u00e0 la sarbacane c\u2019est aussi participer \u00e0 la sauvegarde du patrimoine st\u00e9phanois\u2026<\/em><\/p>\n\n\n\n<p>Le jeu de Sarbacane de l\u2019amicale la\u00efque de Tardy propose des stages de d\u00e9couverte et d\u2019initiation au tir \u00e0 la sarbacane pour des groupes d\u2019adultes ou des associations int\u00e9ress\u00e9es. Il s\u2019adresse \u00e9galement aux enfants par l\u2019interm\u00e9diaire des centres de loisirs et des \u00e9coles. G\u00e9n\u00e9ralement, pour une premi\u00e8re fois, le stage se fait en une demi journ\u00e9e, il peut \u00eatre accompagn\u00e9 d\u2019un environnement festif, remise de prix, casse cro\u00fbte\u2026etc..<\/p>\n\n\n\n<p>L\u2019apprentissage du tir porte&nbsp;:<br>M\u00e9morisation du lieu, pas de tir, zone de tir, cibles et instructions de s\u00e9curit\u00e9<br>La prise en main&nbsp; de la sarbacane<br>La mise en action de tir, apprentissage de la position et des gestes qu\u2019il faut faire pour se mettre en situation de tir<br>La vis\u00e9e<br>Le souffle<br>Le rangement de la sarbacane et des traits<br>\u00c9ventuellement, l\u2019entretien du mat\u00e9riel et la confection des traits<\/p>\n\n\n\n<p>Le lieu de r\u00e9ception pour le tir doit mesurer, au minimum 14m x 10 m pour 2 pas de tir (2 cibles)<br>L\u2019arri\u00e8re des cibles sera prot\u00e9g\u00e9 par un filet sp\u00e9cial servant \u00e0 bloquer les traits en cas de maladresse.<\/p>\n\n\n\n<p>2 m\u00e9thodes&nbsp;:<br>a) simple les personnes int\u00e9ress\u00e9es par le tir se pr\u00e9sente sur le pas tir, re\u00e7oivent les explications, effectuent le tir, puis laisse la place \u00e0 un suivant\u2026. En principe il n\u2019y a que les volontaires qui se pr\u00e9sentent\u2026 Il n\u2019y a pas de classement, souvent les tireurs s\u2019arr\u00eatent sur leur meilleur score et n\u2019osent plus retirer de peur de ne pas pouvoir renouveler leur tir<br>b) mise en situation de tournoi&nbsp;: C\u2019est la plus int\u00e9ressante mais aussi la plus contraignante. On agit comme s\u2019il s\u2019agissait d\u2019un tournoi de sarbacane avec les m\u00eames r\u00e8gles.<br>Si le groupe est important il sera divis\u00e9 en 2 parties&nbsp;; il sera cr\u00e9\u00e9 pour la circonstance 2 pas de tir.<br>La zone de tir est constitu\u00e9e du pas de tir o\u00f9 se place le tireur surveill\u00e9 par un \u00ab&nbsp;servant&nbsp;\u00bb et de la cible o\u00f9 se tient \u00ab&nbsp;l\u2019arracheur&nbsp;\u00bb.<br>Le servant est l\u00e0 pour veiller \u00e0 la bonne conduite du tireur (veiller \u00e0 ce que la mise en vis\u00e9e se fasse dans le champ)<br>L\u2019arracheur&nbsp;: son r\u00f4le est multiple, il donne l\u2019ordre de tir au tireur en levant le bras apr\u00e8s s\u2019\u00eatre assur\u00e9 que la zone de tir est libre (\u2019espace compris entre la cible et le pas de tir). C\u2019est&nbsp; l\u2019arbitre qui constate le r\u00e9sultat du tir (et le transmet \u00e9ventuellement au marqueur) ensuite il arrache le trait de la cible, sa parole ne peut en aucun \u00eatre mise en doute<br>Le marqueur est celui qui enregistre les r\u00e9sultats sur une feuille individuelle propre \u00e0 chaque tireur et sur une feuille collective qui reprend toutes les donn\u00e9es du groupe de tir. Il y en a 1 par cible. Il est plac\u00e9 g\u00e9n\u00e9ralement \u00e0 cot\u00e9 de l\u2019arracheur.<br>Le tireur il se pr\u00e9sente sur le pas de tir avec sa sarbacane, \u00e0 son tour, \u00e9coute les conseils du servant, et avant de se mettre en position de tir attends l\u2019ordre de tir donn\u00e9 par l\u2019arracheur, puis sans pr\u00e9cipitation effectue les 2 tirs de la vol\u00e9e. Dans tous les cas il doit v\u00e9rifier que la zone de tir soit libre. Pendant sa mise en action de tir, il doit toujours veiller \u00e0 ce que sa sarbacane reste orient\u00e9e vers la cible.<br>Le directeur de tir coordonne l\u2019activit\u00e9 en g\u00e9n\u00e9rale, d\u00e9termine les zones de tir, le placement des cibles et des pas de tir.<br>Un r\u00e2telier pr\u00e9sentoir qui permet de poser les sarbacanes sans dommage est install\u00e9 au centre des pas de tir, il sera desservie par une personne qui aura la charge de nettoyer les sarbacanes apr\u00e8s utilisation&nbsp; et de les pann\u00e9s (le nettoyage se fait avec un produit vendu en pharmacie comme l\u2019alcool \u00e0 90 ou similaire et du coton)<br>La zone de tir mesure 8.15m, pour faciliter les tirs en cette premi\u00e8re d\u00e9couverte, elle sera ramen\u00e9e \u00e0 6.15m<br>La cible papier &nbsp;(franchise) disque de 40mm de diam\u00e8tre compos\u00e9e de 6 cercles concentrique num\u00e9rot\u00e9s de 1 \u00e0 6sera grossie (tout en gardant les m\u00eames caract\u00e9ristiques) afin des ne pas d\u00e9courager les tireurs<br>Le tournoi se d\u00e9roule en une s\u00e9rie de huit vol\u00e9es de 2 traits par tireur.<br>G\u00e9n\u00e9ralement une coupure de 20 minutes intervient apr\u00e8s la 4\u00e8me vol\u00e9e pour permettre aux participants de se reposer, prendre une collation et une boisson, le directeur de tir en profite pour donner des informations sur la r\u00e9union.<br>En fin de tournoi les servants et marqueurs, et les b\u00e9n\u00e9voles qui le souhaitent, participent \u00e0 l\u2019\u00e9tablissement du classement\u2026<br>Le directeur de tir annonce les r\u00e9sultats et \u00e9ventuellement des prix sont distribu\u00e9s ensuite\u2026<br>Les intervenants (b\u00e9n\u00e9voles) sont des chevaliers de l\u2019A.L. Tardy connus pour leur savoir faire et qui tous participent activement au championnat d\u00e9partemental organis\u00e9 par le CDJSL (22 concours par an) ainsi qu\u2019aux diff\u00e9rentes manifestations organis\u00e9es par la Mairie de Saint Etienne ou l\u2019OMSS.<br>Une participation aux frais est demand\u00e9e pour l\u2019entretien et la r\u00e9paration du mat\u00e9riel&nbsp;: 3\u20ac par tireur<br>Le mat\u00e9riel, les sarbacanes et les traits seront fournis par le jeu de sarbacane de l\u2019A.L. Tardy.<\/p>\n\n\n\n<p>&#8211; Ci-dessous, une pr\u00e9sentation de la Sarbacane&nbsp;<\/p>\n\n\n\n<p>&#8211; Pr\u00e9sentation des cibles qui seront utilis\u00e9es<\/p>\n\n\n\n<p>&#8211; un sch\u00e9ma rapide de pr\u00e9sentation d\u2019une zone de tir \u00e0 2 cibles<\/p>\n\n\n\n<p>Personnel n\u00e9cessaire pour un pas de tir et une cible&nbsp;:<br>\u00c0 charge du JSALT&nbsp;: 1 arracheur, 1 servant, 1 directeur de tir (commun \u00e0 l\u2019ensemble des pas de tirs)<\/p>\n\n\n\n<p>\u00c0 charge de l\u2019association&nbsp;:<\/p>\n\n\n\n<p>1 nettoyeur (peut \u00eatre commun \u00e0 l\u2019ensemble des pas de tirs), 1 marqueur, les tireurs<\/p>\n\n\n\n<h2 class=\"wp-block-heading has-header-gradient-color has-text-color has-link-color has-medium-font-size wp-elements-f94c39db3c2cde24d109eb5c7d0c0ce1\">Histoire de la sarbacane<\/h2>\n\n\n\n<p><strong>Historique<\/strong><br>La Sarbacane est une arme de chasse utilis\u00e9e par plusieurs peuples du monde. En France, son origine&nbsp;&nbsp; est peut \u00eatre due \u00e0 nos grands d\u00e9couvreurs du XV et XVI\u00e8me si\u00e8cles. Tr\u00e8s vite son tir est pratiqu\u00e9 sous forme de jeu d\u2019adresse. Des comp\u00e9titions entre les diff\u00e9rents pratiquants sont organis\u00e9es. Aujourd\u2019hui, le tir \u00e0 la sarbacane n\u2019est pratiqu\u00e9 qu\u2019\u00e0 Saint Etienne et dans les communes environnantes, il est appel\u00e9 aussi \u00abjeu de la souffle\u00bb. La plus ancienne soci\u00e9t\u00e9 connue a \u00e9t\u00e9 fond\u00e9e en 1774&nbsp;: la Soci\u00e9t\u00e9 de jeu de sarbacane de la ville de Saint Etienne, rue Croix Courette, mais la plus part des soci\u00e9t\u00e9s se sont cr\u00e9\u00e9es au d\u00e9but du&nbsp; XIX\u00e8me si\u00e8cle. Le jeu est surtout pratiqu\u00e9 par des travailleurs manuels&nbsp;: armuriers, passementiers, teinturiers et mineurs.<br>Les joueurs sont regroup\u00e9s en plusieurs soci\u00e9t\u00e9 qui par leur appellation et leurs r\u00e8gles doivent beaucoup&nbsp; aux confr\u00e9ries ou au compagnonnage&nbsp;: \u00abLa Fraternit\u00e9\u00bb,&nbsp;\u00abLes Francs Amis\u00bb, \u00abLa Franche Loyaut\u00e9\u00bb, \u00abLes Amis R\u00e9unis\u00bb \u2026etc., par la suite les soci\u00e9t\u00e9s prendront des noms faisant r\u00e9f\u00e9rence au lieu qu\u2019elles occupent&nbsp;: \u00ab&nbsp;Jeu de la Poudri\u00e8re&nbsp;\u00bb, Jeu de la Sauvani\u00e8re&nbsp;\u00bb, \u00ab&nbsp;Jeu des Barques&nbsp;\u00bb, \u00ab&nbsp;Jeu du Champrond&nbsp;\u00bb\u2026etc, ou encore do nom des soci\u00e9t\u00e9s qui les h\u00e9bergent&nbsp;: Jeu du Foyer La\u00efque, Jeu de Tardy\u2026.etc <br>Les adh\u00e9rents sont appel\u00e9s Chevaliers, et les dirigeants sont dans l\u2019ordre hi\u00e9rarchique, le Capitaine, le Tr\u00e9sorier, le Conseiller, le Secr\u00e9taire, le Pr\u00e9v\u00f4t, le Servant etc.<br>Les soci\u00e9t\u00e9s occupent un terrain en plein air ou est traditionnellement install\u00e9 le m\u00e2t du tir au papegai.<br>Le 23 juillet 1893, les Capitaines de 50&nbsp; soci\u00e9t\u00e9s d\u00e9cident de cr\u00e9er une F\u00e9d\u00e9ration des jeux de Sarbacane. Les statuts seront accept\u00e9s par la pr\u00e9fecture le 10 mai 1896. Mathieu Marsot fut son premier pr\u00e9sident.<\/p>\n\n\n\n<p>L\u2019appellation \u00abBaveux\u00bb est, incertaine, est peut \u00eatre issue du fait que lors du vin d\u2019honneur de la c\u00e9r\u00e9monie d\u2019admission le verre du r\u00e9cipiendaire dissimulait des trous qui lorsque le chevalier buvait le faisait \u00abbaver\u00bb. <br>Les soci\u00e9t\u00e9s se sont ouvertes aux femmes et aux enfants de plus de 10 ans depuis 1970.<br>En 1988 la F\u00e9d\u00e9ration devient le CDJSL&nbsp;: Comit\u00e9 D\u00e9partemental des Jeux de Sarbacane de la Loire.<br>Il est membre du CDOL, Comit\u00e9 D\u00e9partemental Olympique de la Loire.<\/p>\n\n\n\n<p><strong>Le mat\u00e9riel<\/strong><\/p>\n\n\n\n<p>La Sarbacane aussi appel\u00e9e canon. Elle est fabriqu\u00e9e avec l\u2019acier employ\u00e9 pour les fusils.<br>Sa longueur&nbsp; varie de 130 \u00e0 140cm, son diam\u00e8tre int\u00e9rieur variant de 9 \u00e0 12mm, son poids de 2 \u00e0 2.5kg.<br>Le projectile appel\u00e9 trait.&nbsp; Il est compos\u00e9 d\u2019un bouclier, (cylindre d\u2019acier au diam\u00e8tre du canon termin\u00e9 par une pointe) et d\u2019un empennage (de plumes, de soie, ou de bouchon) qui lui permet&nbsp; de garder une trajectoire parfaite.<br>La panne&nbsp; est un chiffon que l\u2019on fait coulisser dans le canon pour l\u2019ass\u00e9cher, le nettoyer et l\u2019entretenir.<br>La boite \u00e0 traits est une petite boite fabriqu\u00e9e par le chevalier pour ranger ses traits, sa panne et son porte traits pendant le transport.<br>Le porte traits est un \u00e9tui \u00e9pingl\u00e9 sur la poitrine qui permet au chevalier de rang\u00e9 ses 2 traits en attente du tir.<\/p>\n\n\n\n<p><strong>Les cibles<\/strong><br>La franchise ou papier est une cible sur papier, compos\u00e9e de 6 cercles concentriques num\u00e9rot\u00e9s de 1 \u00e0 6, coll\u00e9 au centre de la tourte. Le 6 est le plus petit cercle d\u2019un diam\u00e8tre de 7mm, le 1 est le plus grand cercle d\u2019un diam\u00e8tre de 40mm.<br>Le but est un petit disque de bois de 12mm de diam\u00e8tre. En son centre d\u00e9passe une fine pointe, le piquillon, qui sert \u00e0 mesurer le tir.<br>La Tourte est un disque de bois de 18cm de diam\u00e8tre au centre duquel sont fix\u00e9s la franchise ou le but.<br>Le papegai est un petit oiseau fait de 4 pi\u00e8ces de bois l\u00e9ger assembl\u00e9es par collage&nbsp;: la t\u00eate, les 2 ailes et le corps. Il mesure 4cm de long. Il est fix\u00e9 sur un m\u00e2t \u00e0 8.15m de hauteur.<br>Le support de cible est souvent tr\u00e8s d\u00e9cor\u00e9. C\u2019est un disque de 60cm en bois sur lequel est fix\u00e9e la tourte. Il est fix\u00e9 sur un pied mobile ou sur un mur. Le centre de la cible doit s\u2019\u00e9lever \u00e0 133cm.<br>L\u2019\u00e9chantil est un appareil sp\u00e9cifique pour mesurer un coup au but. Il fonctionne suivant le principe du pied \u00e0 coulisse de m\u00e9canicien. Une partie fixe tr\u00e8s effil\u00e9e se glisse entre le trait et le piquillon, petite pointe d\u00e9passant au centre du but. La&nbsp; partie mobile, gradu\u00e9e permet de lire la distance entre le trait et le piquillon et donne ainsi la valeur du tir.<br>La boite \u00e0 amendes, il s\u2019agit d\u2019une tirelire destin\u00e9e \u00e0 recevoir les amendes. Elles servaient \u00e0 apporter de caisse de secours pour les chevaliers qui \u00e9taient malades, hospitalis\u00e9s et dans l\u2019impossibilit\u00e9 de travailler. Depuis 1945 avec la cr\u00e9ation de la S\u00e9curit\u00e9 Sociale ce secours n\u2019est plus utilis\u00e9, ainsi que les amendes telles qu\u2019elles \u00e9taient fix\u00e9es \u00e0 l\u2019origine.<\/p>\n\n\n\n<p><strong>Les modes de jeux<\/strong><br>Le tir \u00e0 la franchise : le tireur effectue un tir de 8 vol\u00e9es de 2 traits et peut totaliser un maximum de 96 points. La distance de tir est de 8.15m.<br>Le tireur doit rester sur sa ligne de tir. Le r\u00e9sultat du tir est annonc\u00e9 par un arbitre&nbsp;: l\u2019arracheur. Il est consign\u00e9 sur la feuille de tir par le marqueur. Chaque tournoi donne lieu \u00e0 un classement individuel et par \u00e9quipe.<br>Le tir au but&nbsp;: le tireur effectue un tir de 8 vol\u00e9es de 2 traits. Seuls les tirs dans le but sont pris en compte. L\u2019objectif est de s\u2019approcher au plus pr\u00e8s du piquillon,. L\u2019\u00e9chantil permet de lire le r\u00e9sultat du tir en mesurant la distance entre le piquillon et la pointe du trait. <br>Le r\u00e9sultat du tir est annonc\u00e9 par le&nbsp; \u00absuper\u00bb, l\u2019arbitre du concours.<br>Chaque tournoi donne lieu \u00e0 un classement individuel et par \u00e9quipe. La distance de tir est de 8.15m.<br>Le tir au papegai \u00e0 lieu 1 fois par an entre les chevaliers d\u2019une m\u00eame association. Concours tr\u00e8s protocolaire o\u00f9 l\u2019ordre de tir doit respecter l\u2019ordre hi\u00e9rarchique. Le papegai est fix\u00e9 sur un m\u00e2t \u00e0 une hauteur de 8.15m. Seul celui qui abat le corps de l\u2019oiseau est vainqueur. Il est d\u00e9clar\u00e9, pour un an, \u00abGrand Chevalier\u00bb. Il permet au d\u00e9tenteur de pouvoir tirer le papegai dans toutes les soci\u00e9t\u00e9s. Le titre d\u2019\u00abEmpereur\u00bb est d\u00e9cern\u00e9 a tout Grand Chevalier qui r\u00e9ussi \u00e0 conserver son titre pendant 3 ann\u00e9es cons\u00e9cutives. Le concours se termine par une \u00abcible d\u2019honneur\u00bb. Deux \u00e9quipes, celle du Grand chevalier et celle du Pr\u00e9sident se rencontre. Il s\u2019agit d\u2019un tir \u00e0 la franchise.<br>Le tir aux 3 oiseaux&nbsp;: facultatif pour les chevaliers, ce jeu tr\u00e8s longtemps oubli\u00e9 a \u00e9t\u00e9 remis en activit\u00e9 par le CDJSL en 1995. Le&nbsp; r\u00e8glement est identique \u00e0 celui du papegai mais 3 oiseaux au lieu d\u2019un sont dispos\u00e9s en haut du m\u00e2t. Le tireur doit annoncer, avant son tir, quel est l\u2019oiseau qu\u2019il prend pour cible. Aucun titre n\u2019est d\u00e9cern\u00e9 pour ce concours<\/p>\n\n\n\n<p><strong>La comp\u00e9tition<\/strong><\/p>\n\n\n\n<p>Les championnats&nbsp;f\u00e9d\u00e9raux: le CDJSL organise chaque ann\u00e9e, 2 concours pour le titre de champion f\u00e9d\u00e9ral de tir \u00e0 la franchise et de tir au but, en individuel et par \u00e9quipe. Chaque concours se d\u00e9roule sur une journ\u00e9e.<br>Le championnat par points se d\u00e9roule tout au long de l\u2019ann\u00e9e. Chaque soci\u00e9t\u00e9 organise \u00e0 tour de r\u00f4le, le samedi apr\u00e8s-midi, un concours dot\u00e9 de challenges, coupes et m\u00e9dailles. Les classements, individuels ou par \u00e9quipes, de tous les concours r\u00e9capitul\u00e9 sur l\u2019ann\u00e9e permet d\u2019\u00e9tablir un classement g\u00e9n\u00e9ral qui distingue le champion de l\u2019ann\u00e9e et la meilleure \u00e9quipe, au tir \u00e0 la franchise, au tir au but, et les 2 tirs cumul\u00e9s. Des r\u00e9compenses sont attribu\u00e9es par le CDJSL lors de son assembl\u00e9e g\u00e9n\u00e9rale annuelle.<br>Il existe aussi des concours particuliers&nbsp;: l\u2019endurance avec les 12 heures de sarbacane et comm\u00e9moratif le concours de Ste Barbe, la patronne des mineurs.<\/p>\n\n\n\n<p>L\u2019\u00e2ge minimum pour participer \u00e0 toute comp\u00e9tition officielle est de 10 ans.<\/p>\n","protected":false},"excerpt":{"rendered":"<p>Cours Entrainement \u00e0 l&rsquo;Amicale La\u00efque de Tardy le mardi de 17h30 \u00e0 19h30 sauf pendant les vacances scolaires.La section organise \u00e9galement des initiations au tir \u00e0 la sarbacane. Elle re\u00e7oit, \u00e0 l\u2019amicale,&nbsp; les groupes d\u2019adultes ou enfants pour des s\u00e9ances de tir. Elle peut aussi se d\u00e9placer pour cette activit\u00e9. [&hellip;]<\/p>\n","protected":false},"author":1,"featured_media":436,"parent":0,"menu_order":0,"comment_status":"closed","ping_status":"closed","template":"","meta":{"footnotes":""},"class_list":["post-297","page","type-page","status-publish","has-post-thumbnail","hentry"],"_links":{"self":[{"href":"https:\/\/amicalelaiquetardy.fr\/index.php\/wp-json\/wp\/v2\/pages\/297","targetHints":{"allow":["GET"]}}],"collection":[{"href":"https:\/\/amicalelaiquetardy.fr\/index.php\/wp-json\/wp\/v2\/pages"}],"about":[{"href":"https:\/\/amicalelaiquetardy.fr\/index.php\/wp-json\/wp\/v2\/types\/page"}],"author":[{"embeddable":true,"href":"https:\/\/amicalelaiquetardy.fr\/index.php\/wp-json\/wp\/v2\/users\/1"}],"replies":[{"embeddable":true,"href":"https:\/\/amicalelaiquetardy.fr\/index.php\/wp-json\/wp\/v2\/comments?post=297"}],"version-history":[{"count":3,"href":"https:\/\/amicalelaiquetardy.fr\/index.php\/wp-json\/wp\/v2\/pages\/297\/revisions"}],"predecessor-version":[{"id":548,"href":"https:\/\/amicalelaiquetardy.fr\/index.php\/wp-json\/wp\/v2\/pages\/297\/revisions\/548"}],"wp:featuredmedia":[{"embeddable":true,"href":"https:\/\/amicalelaiquetardy.fr\/index.php\/wp-json\/wp\/v2\/media\/436"}],"wp:attachment":[{"href":"https:\/\/amicalelaiquetardy.fr\/index.php\/wp-json\/wp\/v2\/media?parent=297"}],"curies":[{"name":"wp","href":"https:\/\/api.w.org\/{rel}","templated":true}]}}