{"id":30,"date":"2024-05-16T10:03:32","date_gmt":"2024-05-16T08:03:32","guid":{"rendered":"https:\/\/amicalelaiquetardy.fr\/?page_id=30"},"modified":"2024-06-13T12:25:59","modified_gmt":"2024-06-13T10:25:59","slug":"__trashed-2__trashed","status":"publish","type":"page","link":"https:\/\/amicalelaiquetardy.fr\/","title":{"rendered":"Accueil"},"content":{"rendered":"\n<div class=\"wp-block-cover alignfull is-light hestia-clear-top-padding\"><span aria-hidden=\"true\" class=\"wp-block-cover__background has-white-background-color has-background-dim-100 has-background-dim\"><\/span><div class=\"wp-block-cover__inner-container is-layout-flow wp-block-cover-is-layout-flow\">\n<h2 class=\"wp-block-heading has-text-align-center has-text-color\" style=\"color:#3c4858\">Domaines d&rsquo;activit\u00e9s<\/h2>\n\n\n\n<div style=\"height:40px\" aria-hidden=\"true\" class=\"wp-block-spacer\"><\/div>\n\n\n\n<div class=\"wp-block-columns container is-layout-flex wp-container-core-columns-is-layout-28f84493 wp-block-columns-is-layout-flex\">\n<div class=\"wp-block-column is-layout-flow wp-block-column-is-layout-flow\"><div class=\"wp-block-image\">\n<figure class=\"aligncenter size-large is-resized\"><img loading=\"lazy\" decoding=\"async\" width=\"724\" height=\"1024\" src=\"https:\/\/amicalelaiquetardy.fr\/wp-content\/uploads\/2024\/06\/1-724x1024.png\" alt=\"\" class=\"wp-image-402\" style=\"width:252px;height:auto\" srcset=\"https:\/\/amicalelaiquetardy.fr\/wp-content\/uploads\/2024\/06\/1-724x1024.png 724w, https:\/\/amicalelaiquetardy.fr\/wp-content\/uploads\/2024\/06\/1-212x300.png 212w, https:\/\/amicalelaiquetardy.fr\/wp-content\/uploads\/2024\/06\/1-768x1086.png 768w, https:\/\/amicalelaiquetardy.fr\/wp-content\/uploads\/2024\/06\/1-1086x1536.png 1086w, https:\/\/amicalelaiquetardy.fr\/wp-content\/uploads\/2024\/06\/1.png 1414w\" sizes=\"auto, (max-width: 724px) 100vw, 724px\" \/><\/figure>\n<\/div>\n\n\n<h5 class=\"wp-block-heading has-text-align-center has-text-color\" style=\"color:#3c4858;font-size:18px\">Culturel<\/h5>\n\n\n\n<p class=\"has-text-align-center has-text-color\" style=\"color:#999999;font-size:14px\">Accueil en r\u00e9sidence d&rsquo;acteurs culturels dans nos diff\u00e9rents espaces <\/p>\n\n\n\n<div style=\"height:25px\" aria-hidden=\"true\" class=\"wp-block-spacer\"><\/div>\n<\/div>\n\n\n\n<div class=\"wp-block-column is-layout-flow wp-block-column-is-layout-flow\"><div class=\"wp-block-image\">\n<figure class=\"aligncenter size-large is-resized\"><img loading=\"lazy\" decoding=\"async\" width=\"724\" height=\"1024\" src=\"https:\/\/amicalelaiquetardy.fr\/wp-content\/uploads\/2024\/06\/2-724x1024.png\" alt=\"\" class=\"wp-image-403\" style=\"width:251px;height:auto\" srcset=\"https:\/\/amicalelaiquetardy.fr\/wp-content\/uploads\/2024\/06\/2-724x1024.png 724w, https:\/\/amicalelaiquetardy.fr\/wp-content\/uploads\/2024\/06\/2-212x300.png 212w, https:\/\/amicalelaiquetardy.fr\/wp-content\/uploads\/2024\/06\/2-768x1086.png 768w, https:\/\/amicalelaiquetardy.fr\/wp-content\/uploads\/2024\/06\/2-1086x1536.png 1086w, https:\/\/amicalelaiquetardy.fr\/wp-content\/uploads\/2024\/06\/2.png 1414w\" sizes=\"auto, (max-width: 724px) 100vw, 724px\" \/><\/figure>\n<\/div>\n\n\n<h5 class=\"wp-block-heading has-text-align-center has-text-color\" style=\"color:#3c4858;font-size:18px\">Social<\/h5>\n\n\n\n<p class=\"has-text-align-center has-text-color\" style=\"color:#999999;font-size:14px\">Mise \u00e0 disposition d&rsquo;espaces d&rsquo;\u00e9changes, de travail et d&rsquo;accueil<br>Organisation d&rsquo;\u00e9v\u00e9nements festifs<\/p>\n\n\n\n<p><\/p>\n\n\n\n<div style=\"height:25px\" aria-hidden=\"true\" class=\"wp-block-spacer\"><\/div>\n<\/div>\n\n\n\n<div class=\"wp-block-column is-layout-flow wp-block-column-is-layout-flow\">\n<figure class=\"wp-block-gallery aligncenter has-nested-images columns-default is-cropped wp-block-gallery-1 is-layout-flex wp-block-gallery-is-layout-flex\">\n<figure class=\"wp-block-image size-large\"><img loading=\"lazy\" decoding=\"async\" width=\"1414\" height=\"1414\" data-id=\"407\" src=\"https:\/\/amicalelaiquetardy.fr\/wp-content\/uploads\/2024\/06\/3-edited.png\" alt=\"\" class=\"wp-image-407\" srcset=\"https:\/\/amicalelaiquetardy.fr\/wp-content\/uploads\/2024\/06\/3-edited.png 1414w, https:\/\/amicalelaiquetardy.fr\/wp-content\/uploads\/2024\/06\/3-edited-300x300.png 300w, https:\/\/amicalelaiquetardy.fr\/wp-content\/uploads\/2024\/06\/3-edited-1024x1024.png 1024w, https:\/\/amicalelaiquetardy.fr\/wp-content\/uploads\/2024\/06\/3-edited-150x150.png 150w, https:\/\/amicalelaiquetardy.fr\/wp-content\/uploads\/2024\/06\/3-edited-768x768.png 768w\" sizes=\"auto, (max-width: 1414px) 100vw, 1414px\" \/><\/figure>\n<\/figure>\n\n\n\n<h5 class=\"wp-block-heading has-text-align-center has-text-color\" style=\"color:#3c4858;font-size:18px\">Educatif<\/h5>\n\n\n\n<p class=\"has-text-align-center has-text-color\" style=\"color:#999999;font-size:14px\">Accueil de loisirs sans h\u00e9bergement<br>Accueil p\u00e9riscolaire<br>Pour les enfants de 3 \u00e0 12 ans<\/p>\n\n\n\n<p><\/p>\n\n\n\n<p><\/p>\n\n\n\n<div style=\"height:25px\" aria-hidden=\"true\" class=\"wp-block-spacer\"><\/div>\n<\/div>\n<\/div>\n\n\n\n<div style=\"height:40px\" aria-hidden=\"true\" class=\"wp-block-spacer\"><\/div>\n<\/div><\/div>\n\n\n\n<div class=\"wp-block-columns container is-layout-flex wp-container-core-columns-is-layout-28f84493 wp-block-columns-is-layout-flex\">\n<div class=\"wp-block-column col-md-5 is-layout-flow wp-block-column-is-layout-flow\">\n<div style=\"height:55px\" aria-hidden=\"true\" class=\"wp-block-spacer\"><\/div>\n\n\n\n<h2 class=\"wp-block-heading\">Qui sommes-nous ?<\/h2>\n\n\n\n<p>L\u2019Amicale La\u00efque de Tardy est une association d \u2018\u00e9ducation populaire. En ce sens, elle est ouverte \u00e0 tous et situe son action dans une double perspective de transformation sociale et d\u2019\u00e9mancipation individuelle et collective.<\/p>\n<\/div>\n<\/div>\n","protected":false},"excerpt":{"rendered":"<p>Qui sommes-nous ? L\u2019Amicale La\u00efque de Tardy est une association d \u2018\u00e9ducation populaire. En ce sens, elle est ouverte \u00e0 tous et situe son action dans une double perspective de transformation sociale et d\u2019\u00e9mancipation individuelle et collective.<\/p>\n","protected":false},"author":1,"featured_media":11,"parent":0,"menu_order":0,"comment_status":"closed","ping_status":"closed","template":"","meta":{"footnotes":""},"class_list":["post-30","page","type-page","status-publish","has-post-thumbnail","hentry"],"_links":{"self":[{"href":"https:\/\/amicalelaiquetardy.fr\/index.php\/wp-json\/wp\/v2\/pages\/30","targetHints":{"allow":["GET"]}}],"collection":[{"href":"https:\/\/amicalelaiquetardy.fr\/index.php\/wp-json\/wp\/v2\/pages"}],"about":[{"href":"https:\/\/amicalelaiquetardy.fr\/index.php\/wp-json\/wp\/v2\/types\/page"}],"author":[{"embeddable":true,"href":"https:\/\/amicalelaiquetardy.fr\/index.php\/wp-json\/wp\/v2\/users\/1"}],"replies":[{"embeddable":true,"href":"https:\/\/amicalelaiquetardy.fr\/index.php\/wp-json\/wp\/v2\/comments?post=30"}],"version-history":[{"count":11,"href":"https:\/\/amicalelaiquetardy.fr\/index.php\/wp-json\/wp\/v2\/pages\/30\/revisions"}],"predecessor-version":[{"id":411,"href":"https:\/\/amicalelaiquetardy.fr\/index.php\/wp-json\/wp\/v2\/pages\/30\/revisions\/411"}],"wp:featuredmedia":[{"embeddable":true,"href":"https:\/\/amicalelaiquetardy.fr\/index.php\/wp-json\/wp\/v2\/media\/11"}],"wp:attachment":[{"href":"https:\/\/amicalelaiquetardy.fr\/index.php\/wp-json\/wp\/v2\/media?parent=30"}],"curies":[{"name":"wp","href":"https:\/\/api.w.org\/{rel}","templated":true}]}}