{"id":309,"date":"2024-05-27T15:00:09","date_gmt":"2024-05-27T13:00:09","guid":{"rendered":"https:\/\/amicalelaiquetardy.fr\/?page_id=309"},"modified":"2024-06-12T16:06:03","modified_gmt":"2024-06-12T14:06:03","slug":"yoga","status":"publish","type":"page","link":"https:\/\/amicalelaiquetardy.fr\/index.php\/yoga\/","title":{"rendered":"Yoga"},"content":{"rendered":"\n<p class=\"has-text-align-center\">Venez pratiquer un yoga traditionnel adapt\u00e9 \u00e0 tous pour trouver le bien-\u00eatre mental et physique ! <\/p>\n\n\n\n<h2 class=\"wp-block-heading has-header-gradient-color has-text-color has-link-color has-medium-font-size wp-elements-0b7d7cbc025cc7212a18f0ecb8f027d8\">Cours <\/h2>\n\n\n\n<p>Les jeudis de 19H15 \u00e0 20H30<br>Au centre de loisirs Elie Rousson &#8211; 14 rue de Montferr\u00e9 <\/p>\n\n\n\n<h2 class=\"wp-block-heading has-header-gradient-color has-text-color has-link-color has-medium-font-size wp-elements-6dd40608d442094befbe92c7facb20e0\">Inscriptions et tarifs<\/h2>\n\n\n\n<p>270 euros \u00e0 l\u2019ann\u00e9e (possibilit\u00e9 de payer en plusieurs fois)<br>Adh\u00e9sion \u00e0 l&rsquo;ALT <br>Cours d\u2019essai gratuit<\/p>\n\n\n\n<h2 class=\"wp-block-heading has-header-gradient-color has-text-color has-link-color has-medium-font-size wp-elements-0671964c174bc5c706b22f5a71a04837\">Contact<\/h2>\n\n\n\n<p>Agn\u00e8s Mounier (Professeure dipl\u00f4m\u00e9e de la Viniyoga Fondation) &#8211; 06 59 90 84 25.<\/p>\n","protected":false},"excerpt":{"rendered":"<p>Venez pratiquer un yoga traditionnel adapt\u00e9 \u00e0 tous pour trouver le bien-\u00eatre mental et physique ! Cours Les jeudis de 19H15 \u00e0 20H30Au centre de loisirs Elie Rousson &#8211; 14 rue de Montferr\u00e9 Inscriptions et tarifs 270 euros \u00e0 l\u2019ann\u00e9e (possibilit\u00e9 de payer en plusieurs fois)Adh\u00e9sion \u00e0 l&rsquo;ALT Cours d\u2019essai [&hellip;]<\/p>\n","protected":false},"author":1,"featured_media":0,"parent":0,"menu_order":0,"comment_status":"closed","ping_status":"closed","template":"","meta":{"footnotes":""},"class_list":["post-309","page","type-page","status-publish","hentry"],"_links":{"self":[{"href":"https:\/\/amicalelaiquetardy.fr\/index.php\/wp-json\/wp\/v2\/pages\/309","targetHints":{"allow":["GET"]}}],"collection":[{"href":"https:\/\/amicalelaiquetardy.fr\/index.php\/wp-json\/wp\/v2\/pages"}],"about":[{"href":"https:\/\/amicalelaiquetardy.fr\/index.php\/wp-json\/wp\/v2\/types\/page"}],"author":[{"embeddable":true,"href":"https:\/\/amicalelaiquetardy.fr\/index.php\/wp-json\/wp\/v2\/users\/1"}],"replies":[{"embeddable":true,"href":"https:\/\/amicalelaiquetardy.fr\/index.php\/wp-json\/wp\/v2\/comments?post=309"}],"version-history":[{"count":2,"href":"https:\/\/amicalelaiquetardy.fr\/index.php\/wp-json\/wp\/v2\/pages\/309\/revisions"}],"predecessor-version":[{"id":396,"href":"https:\/\/amicalelaiquetardy.fr\/index.php\/wp-json\/wp\/v2\/pages\/309\/revisions\/396"}],"wp:attachment":[{"href":"https:\/\/amicalelaiquetardy.fr\/index.php\/wp-json\/wp\/v2\/media?parent=309"}],"curies":[{"name":"wp","href":"https:\/\/api.w.org\/{rel}","templated":true}]}}