{"id":326,"date":"2024-06-11T11:27:22","date_gmt":"2024-06-11T09:27:22","guid":{"rendered":"https:\/\/amicalelaiquetardy.fr\/?page_id=326"},"modified":"2025-06-19T09:25:50","modified_gmt":"2025-06-19T07:25:50","slug":"atelier-theatre-impro-kids","status":"publish","type":"page","link":"https:\/\/amicalelaiquetardy.fr\/index.php\/atelier-theatre-impro-kids\/","title":{"rendered":"Atelier th\u00e9\u00e2tre &#8211; impro kids &amp; ados !"},"content":{"rendered":"\n<p class=\"has-text-align-center\">Ateliers de th\u00e9\u00e2tre d&rsquo;improvisation pour enfants et ados avec Chlo\u00e9 et Thomas<\/p>\n\n\n<div class=\"wp-block-image\">\n<figure class=\"aligncenter size-full\"><img loading=\"lazy\" decoding=\"async\" width=\"1600\" height=\"1600\" src=\"https:\/\/amicalelaiquetardy.fr\/wp-content\/uploads\/2025\/06\/1047074930098413296.jpg\" alt=\"\" class=\"wp-image-846\" srcset=\"https:\/\/amicalelaiquetardy.fr\/wp-content\/uploads\/2025\/06\/1047074930098413296.jpg 1600w, https:\/\/amicalelaiquetardy.fr\/wp-content\/uploads\/2025\/06\/1047074930098413296-300x300.jpg 300w, https:\/\/amicalelaiquetardy.fr\/wp-content\/uploads\/2025\/06\/1047074930098413296-1024x1024.jpg 1024w, https:\/\/amicalelaiquetardy.fr\/wp-content\/uploads\/2025\/06\/1047074930098413296-150x150.jpg 150w, https:\/\/amicalelaiquetardy.fr\/wp-content\/uploads\/2025\/06\/1047074930098413296-768x768.jpg 768w, https:\/\/amicalelaiquetardy.fr\/wp-content\/uploads\/2025\/06\/1047074930098413296-1536x1536.jpg 1536w\" sizes=\"auto, (max-width: 1600px) 100vw, 1600px\" \/><\/figure>\n<\/div>\n\n\n<h2 class=\"wp-block-heading has-header-gradient-color has-text-color has-link-color has-medium-font-size wp-elements-4e49f1b8e6294d4c46e47bc28410eaf8\">Cours<\/h2>\n\n\n\n<p>A l&rsquo;Amicale La\u00efque de Tardy &#8211; 86 rue Vaillant Couturier<br>Les mercredis : <br>&#8211; de 4 \u00e0 7 ans : 15h45 &#8211; 16h45<br>&#8211; de 8 \u00e0 11 ans : 16h45 &#8211; 18h<br>&#8211; de 11 \u00e0 17 ans : 16h-18h<\/p>\n\n\n\n<p>D\u00e9but des cours le 17 septembre pour les &#8211; de 11 ans, le 24 pour les ados<br>R\u00e9union d&rsquo;information le 05 septembre \u00e0 19h \u00e0 l&rsquo;Amicale !<br>Spectacle et possibilit\u00e9 de jouer sur des \u00e9v\u00e9nements de l&rsquo;Amicale <\/p>\n\n\n\n<h2 class=\"wp-block-heading has-header-gradient-color has-text-color has-link-color has-medium-font-size wp-elements-3d305f67e4fcfc26f86ea6dcaee2229a\">Inscriptions et tarifs 25-26<\/h2>\n\n\n\n<p>Inscription via Hello Asso<br>190 euros + 7 euros d&rsquo;adh\u00e9sion \u00e0 l&rsquo;Amicale <br>Pour 28 cours sur l&rsquo;ann\u00e9e scolaire<\/p>\n\n\n\n<h2 class=\"wp-block-heading has-header-gradient-color has-text-color has-link-color has-medium-font-size wp-elements-0671964c174bc5c706b22f5a71a04837\">Contact<\/h2>\n\n\n\n<p>Pour les enfants : Chlo\u00e9 &#8211; 06 18 99 19 14<br>Pour les ados : Thomas &#8211; 06 74 63 74 23 <\/p>\n","protected":false},"excerpt":{"rendered":"<p>Ateliers de th\u00e9\u00e2tre d&rsquo;improvisation pour enfants et ados avec Chlo\u00e9 et Thomas Cours A l&rsquo;Amicale La\u00efque de Tardy &#8211; 86 rue Vaillant CouturierLes mercredis : &#8211; de 4 \u00e0 7 ans : 15h45 &#8211; 16h45&#8211; de 8 \u00e0 11 ans : 16h45 &#8211; 18h&#8211; de 11 \u00e0 17 ans : [&hellip;]<\/p>\n","protected":false},"author":1,"featured_media":0,"parent":0,"menu_order":0,"comment_status":"closed","ping_status":"closed","template":"","meta":{"footnotes":""},"class_list":["post-326","page","type-page","status-publish","hentry"],"_links":{"self":[{"href":"https:\/\/amicalelaiquetardy.fr\/index.php\/wp-json\/wp\/v2\/pages\/326","targetHints":{"allow":["GET"]}}],"collection":[{"href":"https:\/\/amicalelaiquetardy.fr\/index.php\/wp-json\/wp\/v2\/pages"}],"about":[{"href":"https:\/\/amicalelaiquetardy.fr\/index.php\/wp-json\/wp\/v2\/types\/page"}],"author":[{"embeddable":true,"href":"https:\/\/amicalelaiquetardy.fr\/index.php\/wp-json\/wp\/v2\/users\/1"}],"replies":[{"embeddable":true,"href":"https:\/\/amicalelaiquetardy.fr\/index.php\/wp-json\/wp\/v2\/comments?post=326"}],"version-history":[{"count":4,"href":"https:\/\/amicalelaiquetardy.fr\/index.php\/wp-json\/wp\/v2\/pages\/326\/revisions"}],"predecessor-version":[{"id":847,"href":"https:\/\/amicalelaiquetardy.fr\/index.php\/wp-json\/wp\/v2\/pages\/326\/revisions\/847"}],"wp:attachment":[{"href":"https:\/\/amicalelaiquetardy.fr\/index.php\/wp-json\/wp\/v2\/media?parent=326"}],"curies":[{"name":"wp","href":"https:\/\/api.w.org\/{rel}","templated":true}]}}