{"id":392,"date":"2024-06-12T15:46:19","date_gmt":"2024-06-12T13:46:19","guid":{"rendered":"https:\/\/amicalelaiquetardy.fr\/?page_id=392"},"modified":"2025-01-21T14:43:07","modified_gmt":"2025-01-21T13:43:07","slug":"espace-de-pratiques-numeriques","status":"publish","type":"page","link":"https:\/\/amicalelaiquetardy.fr\/index.php\/espace-de-pratiques-numeriques\/","title":{"rendered":"Espace de pratiques num\u00e9riques"},"content":{"rendered":"<div class=\"wp-block-image\">\n<figure class=\"aligncenter size-large\"><img loading=\"lazy\" decoding=\"async\" width=\"724\" height=\"1024\" src=\"https:\/\/amicalelaiquetardy.fr\/wp-content\/uploads\/2025\/01\/Flyer-permanence-Tardy_page-0001-724x1024.jpg\" alt=\"\" class=\"wp-image-756\" srcset=\"https:\/\/amicalelaiquetardy.fr\/wp-content\/uploads\/2025\/01\/Flyer-permanence-Tardy_page-0001-724x1024.jpg 724w, https:\/\/amicalelaiquetardy.fr\/wp-content\/uploads\/2025\/01\/Flyer-permanence-Tardy_page-0001-212x300.jpg 212w, https:\/\/amicalelaiquetardy.fr\/wp-content\/uploads\/2025\/01\/Flyer-permanence-Tardy_page-0001-768x1086.jpg 768w, https:\/\/amicalelaiquetardy.fr\/wp-content\/uploads\/2025\/01\/Flyer-permanence-Tardy_page-0001-1086x1536.jpg 1086w, https:\/\/amicalelaiquetardy.fr\/wp-content\/uploads\/2025\/01\/Flyer-permanence-Tardy_page-0001.jpg 1241w\" sizes=\"auto, (max-width: 724px) 100vw, 724px\" \/><\/figure>\n<\/div>\n\n\n<h2 class=\"wp-block-heading has-header-gradient-color has-text-color has-link-color has-medium-font-size wp-elements-a4bfea8dfb9a9cc9633d41c939ac7be1\">Qu&rsquo;est ce que c&rsquo;est ?<\/h2>\n\n\n\n<p>Les EPN sont&nbsp;<strong>des lieux proches de chez vous<\/strong>, o\u00f9 vous pouvez d\u00e9velopper vos comp\u00e9tences num\u00e9riques.<br>Vous avez libre acc\u00e8s \u00e0 des ordinateurs et une connexion internet. Vous pouvez&nbsp;<strong>participer \u00e0 des ateliers<\/strong>&nbsp;sur de nombreuses th\u00e9matiques : d\u00e9couverte de l\u2019outil informatique, internet, loisirs, r\u00e9seaux sociaux, maitrise des logiciels\u2026<br>Vous pouvez aussi y&nbsp;<strong>partager vos exp\u00e9riences et vos pratiques<\/strong>&nbsp;en devenant b\u00e9n\u00e9vole.<\/p>\n\n\n\n<p>Les conseillers num\u00e9riques<strong>&nbsp;vous aident \u00e0 devenir autonome<\/strong>&nbsp;pour :<\/p>\n\n\n\n<ul class=\"wp-block-list\">\n<li>vous servir de votre smartphone, ordinateur, tablette, imprimante ;<\/li>\n\n\n\n<li>faire vos d\u00e9marches administratives en ligne (saint-etienne.fr, ANTS, CAF, ANEF, P\u00f4le emploi, Carsat, Assurance maladie, imp\u00f4ts\u2026) ;<\/li>\n\n\n\n<li>naviguer sur internet, faire des recherches et vous informer en ligne ;<\/li>\n\n\n\n<li>g\u00e9rer, stocker et prot\u00e9ger vos donn\u00e9es priv\u00e9es ;<\/li>\n\n\n\n<li>cr\u00e9er, d\u00e9velopper et adapter des documents (images, textes, audios, vid\u00e9os) ;<\/li>\n\n\n\n<li>communiquer, partager, publier et collaborer par mail ou sur les r\u00e9seaux sociaux ;&nbsp;<\/li>\n\n\n\n<li>accompagner la pratique num\u00e9rique de vos enfants ;&nbsp;<\/li>\n\n\n\n<li>comprendre l\u2019environnement et le vocabulaire des outils num\u00e9riques ;<\/li>\n\n\n\n<li>utiliser des outils en ligne pour votre projet associatif (subvention, gestion, communication)<\/li>\n<\/ul>\n\n\n\n<h2 class=\"wp-block-heading has-header-gradient-color has-text-color has-link-color has-medium-font-size wp-elements-4f5f5a77769993b984da58fcbbf11b45\">Quand ?<\/h2>\n\n\n\n<p>Un vendredi par mois de 14h \u00e0 17h au centre de loisirs Elie Rousson (dates sur l&rsquo;affiche)<\/p>\n\n\n\n<h2 class=\"wp-block-heading has-header-gradient-color has-text-color has-link-color has-medium-font-size wp-elements-a134d9a5d603d6a6074cc27e1fcb0174\">Comment ?<\/h2>\n\n\n\n<p>Sur rendez-vous au 07 69 71 49 35<\/p>\n\n\n\n<p><br><\/p>\n\n\n\n<p><\/p>\n","protected":false},"excerpt":{"rendered":"<p>Qu&rsquo;est ce que c&rsquo;est ? Les EPN sont&nbsp;des lieux proches de chez vous, o\u00f9 vous pouvez d\u00e9velopper vos comp\u00e9tences num\u00e9riques.Vous avez libre acc\u00e8s \u00e0 des ordinateurs et une connexion internet. Vous pouvez&nbsp;participer \u00e0 des ateliers&nbsp;sur de nombreuses th\u00e9matiques : d\u00e9couverte de l\u2019outil informatique, internet, loisirs, r\u00e9seaux sociaux, maitrise des logiciels\u2026Vous [&hellip;]<\/p>\n","protected":false},"author":1,"featured_media":0,"parent":0,"menu_order":0,"comment_status":"closed","ping_status":"closed","template":"","meta":{"footnotes":""},"class_list":["post-392","page","type-page","status-publish","hentry"],"_links":{"self":[{"href":"https:\/\/amicalelaiquetardy.fr\/index.php\/wp-json\/wp\/v2\/pages\/392","targetHints":{"allow":["GET"]}}],"collection":[{"href":"https:\/\/amicalelaiquetardy.fr\/index.php\/wp-json\/wp\/v2\/pages"}],"about":[{"href":"https:\/\/amicalelaiquetardy.fr\/index.php\/wp-json\/wp\/v2\/types\/page"}],"author":[{"embeddable":true,"href":"https:\/\/amicalelaiquetardy.fr\/index.php\/wp-json\/wp\/v2\/users\/1"}],"replies":[{"embeddable":true,"href":"https:\/\/amicalelaiquetardy.fr\/index.php\/wp-json\/wp\/v2\/comments?post=392"}],"version-history":[{"count":9,"href":"https:\/\/amicalelaiquetardy.fr\/index.php\/wp-json\/wp\/v2\/pages\/392\/revisions"}],"predecessor-version":[{"id":758,"href":"https:\/\/amicalelaiquetardy.fr\/index.php\/wp-json\/wp\/v2\/pages\/392\/revisions\/758"}],"wp:attachment":[{"href":"https:\/\/amicalelaiquetardy.fr\/index.php\/wp-json\/wp\/v2\/media?parent=392"}],"curies":[{"name":"wp","href":"https:\/\/api.w.org\/{rel}","templated":true}]}}