{"id":42,"date":"2024-05-16T13:39:06","date_gmt":"2024-05-16T11:39:06","guid":{"rendered":"https:\/\/amicalelaiquetardy.fr\/?page_id=42"},"modified":"2024-05-23T14:58:03","modified_gmt":"2024-05-23T12:58:03","slug":"theatre","status":"publish","type":"page","link":"https:\/\/amicalelaiquetardy.fr\/index.php\/theatre\/","title":{"rendered":"Th\u00e9\u00e2tre"},"content":{"rendered":"\n<h2 class=\"wp-block-heading has-header-gradient-color has-text-color has-link-color has-medium-font-size wp-elements-89b0119111c93d4006989d7f4c997ce2\"><strong>R\u00e9sidences d&rsquo;artistes<\/strong><\/h2>\n\n\n\n<p>L\u2019Amicale la\u00efque de Tardy s\u2019efforce depuis 2015 de mettre l\u2019accent sur les projets artistiques et culturels.&nbsp; La pr\u00e9sence de la salle de th\u00e9\u00e2tre constitue un atout majeur. De plus en plus, des compagnies demandent aussi \u00e0 s\u2019installer dans la salle du Cercle ou occupent les espaces ext\u00e9rieurs..&nbsp;<\/p>\n\n\n\n<p>Depuis presque 10 ans, nous avons acquis un savoir faire et nous sommes aujourd\u2019hui un lieu reconnu par de nombreuses compagnies. L\u2019Amicale devient souvent&nbsp; un lieu s\u00e9duisant dans toute son enti\u00e8ret\u00e9 (cuisine, ext\u00e9rieur, qualit\u00e9 de l\u2019accueil), les diff\u00e9rents usagers s\u2019y croisent et s\u2019y sentent bien et c\u2019est une joie bien souvent partag\u00e9e.<em>&nbsp;<\/em><\/p>\n\n\n\n<p>Des compagnies nous sont d\u2019ailleurs fid\u00e8les et reviennent r\u00e9guli\u00e8rement avec leurs nouveaux projets : la Cie Dyptik, le Collectif X, La Laverie, Superstrat, Le Kinoctambule&#8230;&nbsp;<\/p>\n\n\n\n<p>Nous honorons le plus possible les demandes de r\u00e9sidences. <em>C<\/em>ette pr\u00e9sence artistique nous semble tr\u00e8s importante et nous essayons de mettre en valeur ces moments de cr\u00e9ation par de nombreuses actions en faveur des usagers de l\u2019amicale ou des enfants du Centre de Loisirs et de l\u2019\u00e9cole.<\/p>\n\n\n\n<p>Ces actions et moments d\u2019\u00e9change avec le grand public, mais \u00e9galement les partenaires du territoire et les professionnels sont imagin\u00e9s en concertation avec les compagnies accueillies sous forme de r\u00e9p\u00e9titions et\/ou pr\u00e9sentations publiques, rencontres, ateliers&#8230;<\/p>\n\n\n\n<p>L\u2019amicale ouvre ses portes \u00e0 tous types de projets artistiques : th\u00e9\u00e2tre, mais \u00e9galement danse, musique,&nbsp; arts de rues, cin\u00e9ma, etc.<\/p>\n\n\n\n<p class=\"has-black-color has-text-color has-link-color wp-elements-082ff1142f6679d01d51d9ab3bc7ef47\"><strong>Objectifs<\/strong><\/p>\n\n\n\n<p>\u2022 \u00c9largir l\u2019offre culturelle sur le quartier par une pr\u00e9sence artistique accrue et ainsi ouvrir les portes de l\u2019amicale \u00e0 un nouveau public<\/p>\n\n\n\n<p>\u2022 \u00catre un lieu de r\u00e9sidence reconnu et identifi\u00e9 sur le territoire&nbsp;<\/p>\n\n\n\n<p>\u2022 Renforcer le r\u00e9seau \u00ab partenaire \u00bb de l&rsquo;amicale et donc sa visibilit\u00e9 et son rayonnement<\/p>\n\n\n\n<p>\u2022 Cr\u00e9er des temps participatifs et de m\u00e9diation avec les enfants du Centre de Loisirs, les usagers de l\u2019Amicale, et plus largement avec les habitants du quartier<\/p>\n\n\n\n<p>\u2022 Inscrire l\u2019art et la culture comme facteurs de d\u00e9veloppement du quartier et des ses habitants<\/p>\n\n\n\n<p class=\"has-black-color has-text-color has-link-color wp-elements-21d5a794c560e2a9424702cd75cc8bb8\"><strong>Mise en \u0153uvre<\/strong><\/p>\n\n\n\n<p>Les espaces propos\u00e9s par l\u2019\u00e9quipe de l\u2019ALT sont multiples et adapt\u00e9s \u00e0 chaque projet.<\/p>\n\n\n\n<p>De la simple salle de r\u00e9p\u00e9tition, au plateau de th\u00e9\u00e2tre \u00e9quip\u00e9 en son et lumi\u00e8re, en passant par une cour ext\u00e9rieure pour les projets de rue et un espace modulable avec bar, le projet de l\u2019ALT s\u2019appuie sur un \u00e9quipement municipal aux potentiels multiples.. L\u2019\u00e9quipe, quant \u00e0 elle, est riche de nombreux collaborateurs (professionnels et b\u00e9n\u00e9voles)&nbsp; apportant des comp\u00e9tences administratives, artistiques et techniques.<\/p>\n\n\n\n<p>Bien qu\u2019\u00e0 l\u2019\u00e9coute de tous les projets de cr\u00e9ation, une attention particuli\u00e8re sera port\u00e9e sur ceux port\u00e9s par des artistes lig\u00e9riens.<\/p>\n\n\n\n<h2 class=\"wp-block-heading has-header-gradient-color has-text-color has-link-color has-medium-font-size wp-elements-e099811dcf00f457cd588c7ddd99357f\"><strong>Spectacles<\/strong><\/h2>\n\n\n\n<p>L&rsquo;Amicale met \u00e9galement \u00e0 disposition ponctuellement le th\u00e9\u00e2tre pour des repr\u00e9sentations. Accueil obligatoire par notre r\u00e9gisseur<\/p>\n\n\n\n<h2 class=\"wp-block-heading has-header-gradient-color has-text-color has-link-color has-medium-font-size wp-elements-f29480cbae62f7dc3bcbd0f31c24159e\"><strong>Contact<\/strong><\/h2>\n\n\n\n<p>Pour toute demande, merci de contacter : Juliette Mandard &#8211; coordination.tardy@gmail.com <\/p>\n","protected":false},"excerpt":{"rendered":"<p>R\u00e9sidences d&rsquo;artistes L\u2019Amicale la\u00efque de Tardy s\u2019efforce depuis 2015 de mettre l\u2019accent sur les projets artistiques et culturels.&nbsp; La pr\u00e9sence de la salle de th\u00e9\u00e2tre constitue un atout majeur. De plus en plus, des compagnies demandent aussi \u00e0 s\u2019installer dans la salle du Cercle ou occupent les espaces ext\u00e9rieurs..&nbsp; Depuis [&hellip;]<\/p>\n","protected":false},"author":1,"featured_media":271,"parent":0,"menu_order":0,"comment_status":"closed","ping_status":"closed","template":"","meta":{"footnotes":""},"class_list":["post-42","page","type-page","status-publish","has-post-thumbnail","hentry"],"_links":{"self":[{"href":"https:\/\/amicalelaiquetardy.fr\/index.php\/wp-json\/wp\/v2\/pages\/42","targetHints":{"allow":["GET"]}}],"collection":[{"href":"https:\/\/amicalelaiquetardy.fr\/index.php\/wp-json\/wp\/v2\/pages"}],"about":[{"href":"https:\/\/amicalelaiquetardy.fr\/index.php\/wp-json\/wp\/v2\/types\/page"}],"author":[{"embeddable":true,"href":"https:\/\/amicalelaiquetardy.fr\/index.php\/wp-json\/wp\/v2\/users\/1"}],"replies":[{"embeddable":true,"href":"https:\/\/amicalelaiquetardy.fr\/index.php\/wp-json\/wp\/v2\/comments?post=42"}],"version-history":[{"count":3,"href":"https:\/\/amicalelaiquetardy.fr\/index.php\/wp-json\/wp\/v2\/pages\/42\/revisions"}],"predecessor-version":[{"id":273,"href":"https:\/\/amicalelaiquetardy.fr\/index.php\/wp-json\/wp\/v2\/pages\/42\/revisions\/273"}],"wp:featuredmedia":[{"embeddable":true,"href":"https:\/\/amicalelaiquetardy.fr\/index.php\/wp-json\/wp\/v2\/media\/271"}],"wp:attachment":[{"href":"https:\/\/amicalelaiquetardy.fr\/index.php\/wp-json\/wp\/v2\/media?parent=42"}],"curies":[{"name":"wp","href":"https:\/\/api.w.org\/{rel}","templated":true}]}}