{"id":444,"date":"2024-06-27T11:19:41","date_gmt":"2024-06-27T09:19:41","guid":{"rendered":"https:\/\/amicalelaiquetardy.fr\/?page_id=444"},"modified":"2026-02-05T14:46:19","modified_gmt":"2026-02-05T13:46:19","slug":"inscriptions","status":"publish","type":"page","link":"https:\/\/amicalelaiquetardy.fr\/index.php\/inscriptions\/","title":{"rendered":"Inscriptions"},"content":{"rendered":"\n<p class=\"has-text-align-center\">Une fois le dossier annuel r\u00e9alis\u00e9, il est possible de r\u00e9aliser les inscriptions : <\/p>\n\n\n\n<p class=\"has-text-align-left\"><strong>Par mail<\/strong> : inscriptions.er.altardy@gmail.com<\/p>\n\n\n\n<p class=\"has-text-align-left\"><strong>Via le portail famille<\/strong> :<a href=\"https:\/\/www.amicale-laique-de-tardy.millibase.net\/\"> https:\/\/www.amicale-laique-de-tardy.millibase.net\/<\/a><\/p>\n\n\n\n<h2 class=\"wp-block-heading has-header-gradient-color has-text-color has-link-color has-medium-font-size wp-elements-2b456963e82be959822a5d643105cfaa\"><br><strong>Pour les mercredis et vacances <\/strong><\/h2>\n\n\n\n<p>Les inscriptions sont possibles jusqu\u2019\u00e0 48h avant le jour demand\u00e9.<br>Les inscriptions ne sont valid\u00e9es que lorsque nos \u00e9quipes les ont trait\u00e9es !<br>Une liste d\u2019attente est mise en place en cas de sureffectif du centre de loisirs.<br>Le paiement devant \u00eatre fait \u00e0 l\u2019inscription nous invitons les parents \u00e0 cr\u00e9dit\u00e9 de l\u2019argent sur leur compte famille.<\/p>\n\n\n\n<h2 class=\"wp-block-heading has-header-gradient-color has-text-color has-link-color has-medium-font-size wp-elements-141c749ee67be560c2141654d89e8f68\"><br><strong>Pour le p\u00e9riscolaire <\/strong><\/h2>\n\n\n\n<p>Les inscriptions sont possibles jusqu\u2019\u00e0 15h00 le jour m\u00eame pour le p\u00e9riscolaire soir et jusqu\u2019\u00e0 15h00 la veille pour le p\u00e9riscolaire matin.<br>Le portail familles les prend en compte automatiquement.<br>Si l\u2019inscription ou la d\u00e9sinscription est faite par mail, un retour devra \u00eatre fait pour confirmer la prise en compte. Les inscriptions et \/ ou d\u00e9sinscriptions par t\u00e9l\u00e9phone ne sont pas possibles !<\/p>\n","protected":false},"excerpt":{"rendered":"<p>Une fois le dossier annuel r\u00e9alis\u00e9, il est possible de r\u00e9aliser les inscriptions : Par mail : inscriptions.er.altardy@gmail.com Via le portail famille : https:\/\/www.amicale-laique-de-tardy.millibase.net\/ Pour les mercredis et vacances Les inscriptions sont possibles jusqu\u2019\u00e0 48h avant le jour demand\u00e9.Les inscriptions ne sont valid\u00e9es que lorsque nos \u00e9quipes les ont trait\u00e9es [&hellip;]<\/p>\n","protected":false},"author":1,"featured_media":0,"parent":0,"menu_order":0,"comment_status":"closed","ping_status":"closed","template":"","meta":{"footnotes":""},"class_list":["post-444","page","type-page","status-publish","hentry"],"_links":{"self":[{"href":"https:\/\/amicalelaiquetardy.fr\/index.php\/wp-json\/wp\/v2\/pages\/444","targetHints":{"allow":["GET"]}}],"collection":[{"href":"https:\/\/amicalelaiquetardy.fr\/index.php\/wp-json\/wp\/v2\/pages"}],"about":[{"href":"https:\/\/amicalelaiquetardy.fr\/index.php\/wp-json\/wp\/v2\/types\/page"}],"author":[{"embeddable":true,"href":"https:\/\/amicalelaiquetardy.fr\/index.php\/wp-json\/wp\/v2\/users\/1"}],"replies":[{"embeddable":true,"href":"https:\/\/amicalelaiquetardy.fr\/index.php\/wp-json\/wp\/v2\/comments?post=444"}],"version-history":[{"count":6,"href":"https:\/\/amicalelaiquetardy.fr\/index.php\/wp-json\/wp\/v2\/pages\/444\/revisions"}],"predecessor-version":[{"id":1160,"href":"https:\/\/amicalelaiquetardy.fr\/index.php\/wp-json\/wp\/v2\/pages\/444\/revisions\/1160"}],"wp:attachment":[{"href":"https:\/\/amicalelaiquetardy.fr\/index.php\/wp-json\/wp\/v2\/media?parent=444"}],"curies":[{"name":"wp","href":"https:\/\/api.w.org\/{rel}","templated":true}]}}