{"id":495,"date":"2024-08-30T15:59:08","date_gmt":"2024-08-30T13:59:08","guid":{"rendered":"https:\/\/amicalelaiquetardy.fr\/?page_id=495"},"modified":"2024-09-18T17:39:23","modified_gmt":"2024-09-18T15:39:23","slug":"initiation-a-la-danse-cours-enfants","status":"publish","type":"page","link":"https:\/\/amicalelaiquetardy.fr\/index.php\/initiation-a-la-danse-cours-enfants\/","title":{"rendered":"Initiation \u00e0 la danse &#8211; cours enfants"},"content":{"rendered":"\n<p class=\"has-text-align-center\">Un cours pour d\u00e9couvrir diff\u00e9rentes danses au fil de l&rsquo;ann\u00e9e !<\/p>\n\n\n\n<h2 class=\"wp-block-heading has-header-gradient-color has-text-color has-link-color has-medium-font-size wp-elements-bfa01a3cd0a6d2d3c5fcdaee6bbe2404\"><strong>Cours<\/strong><\/h2>\n\n\n\n<p>Centre de Loisirs Elie Rousson &#8211; 14 rue de Montferr\u00e9<br>Les mercredis<br>3-7 ans : 10h-11h &#8211; D\u00e9couverte Charleston et danse rythmiques<br>7-12 ans : 11h-12h &#8211; D\u00e9couverte Charleston, danse rythmique et hip-hop<\/p>\n\n\n\n<h2 class=\"wp-block-heading has-header-gradient-color has-text-color has-link-color has-medium-font-size wp-elements-9c8e35ce3a9b3006efb3c3714cfbd0d1\"><strong>Tarifs <\/strong><\/h2>\n\n\n\n<p>Pour l&rsquo;ann\u00e9e 24\/25 : 170 \u20ac <br>Adh\u00e9sion \u00e0 l&rsquo;Amicale La\u00efque de Tardy : 7\u20ac par enfant<br>Les cours peuvent \u00eatre r\u00e9gl\u00e9s soit par ch\u00e8que (\u00e0 l\u2019ordre de CLSH Elie Rousson), soit en esp\u00e8ces. Merci de bien dater les ch\u00e8ques au dos, \u00e0 la p\u00e9riode d\u2019encaissement de votre choix de l\u2019ann\u00e9e en cours.<br>Le r\u00e8glement des cours doit \u00eatre remis dans son int\u00e9gralit\u00e9 en d\u00e9but d\u2019ann\u00e9e.<\/p>\n\n\n\n<h2 class=\"wp-block-heading has-header-gradient-color has-text-color has-link-color has-medium-font-size wp-elements-999a6856dd46776ff047d47dba8ee35f\"><strong>Inscriptions<\/strong><\/h2>\n\n\n\n<p>Pour inscrire votre enfant, merci d&rsquo;envoyer \u00e0 coordination.er.altardy@gmail.com ou d&rsquo;apporter :  <br>&#8211; Un bulletin d&rsquo;adh\u00e9sion rempli avec le montant de la cotisation en ch\u00e8que ou en esp\u00e8ce<br>&#8211; Merci de pr\u00e9ciser les personnes \u00e0 contacter en cas d&rsquo;urgence, et les contacts des responsables l\u00e9gaux <br>&#8211; Un\u00a0<strong>certificat m\u00e9dical\u00a0:\u00a0<\/strong>ce certificat doit mentionner explicitement que la personne ne pr\u00e9sente pas de contre indication \u00e0 la pratique de la danse.<\/p>\n\n\n\n<h2 class=\"wp-block-heading has-text-align-left has-header-gradient-color has-text-color has-link-color has-medium-font-size wp-elements-3d9e49df88972a83a5c01e15a3bb73b2\"><strong>Contact <\/strong><\/h2>\n\n\n\n<p>Ma\u00efa Baratshvili : 07 68 01 11 44<\/p>\n","protected":false},"excerpt":{"rendered":"<p>Un cours pour d\u00e9couvrir diff\u00e9rentes danses au fil de l&rsquo;ann\u00e9e ! Cours Centre de Loisirs Elie Rousson &#8211; 14 rue de Montferr\u00e9Les mercredis3-7 ans : 10h-11h &#8211; D\u00e9couverte Charleston et danse rythmiques7-12 ans : 11h-12h &#8211; D\u00e9couverte Charleston, danse rythmique et hip-hop Tarifs Pour l&rsquo;ann\u00e9e 24\/25 : 170 \u20ac Adh\u00e9sion [&hellip;]<\/p>\n","protected":false},"author":1,"featured_media":0,"parent":0,"menu_order":0,"comment_status":"closed","ping_status":"closed","template":"","meta":{"footnotes":""},"class_list":["post-495","page","type-page","status-publish","hentry"],"_links":{"self":[{"href":"https:\/\/amicalelaiquetardy.fr\/index.php\/wp-json\/wp\/v2\/pages\/495","targetHints":{"allow":["GET"]}}],"collection":[{"href":"https:\/\/amicalelaiquetardy.fr\/index.php\/wp-json\/wp\/v2\/pages"}],"about":[{"href":"https:\/\/amicalelaiquetardy.fr\/index.php\/wp-json\/wp\/v2\/types\/page"}],"author":[{"embeddable":true,"href":"https:\/\/amicalelaiquetardy.fr\/index.php\/wp-json\/wp\/v2\/users\/1"}],"replies":[{"embeddable":true,"href":"https:\/\/amicalelaiquetardy.fr\/index.php\/wp-json\/wp\/v2\/comments?post=495"}],"version-history":[{"count":8,"href":"https:\/\/amicalelaiquetardy.fr\/index.php\/wp-json\/wp\/v2\/pages\/495\/revisions"}],"predecessor-version":[{"id":557,"href":"https:\/\/amicalelaiquetardy.fr\/index.php\/wp-json\/wp\/v2\/pages\/495\/revisions\/557"}],"wp:attachment":[{"href":"https:\/\/amicalelaiquetardy.fr\/index.php\/wp-json\/wp\/v2\/media?parent=495"}],"curies":[{"name":"wp","href":"https:\/\/api.w.org\/{rel}","templated":true}]}}