{"id":523,"date":"2024-09-11T10:49:34","date_gmt":"2024-09-11T08:49:34","guid":{"rendered":"https:\/\/amicalelaiquetardy.fr\/?page_id=523"},"modified":"2024-09-11T11:15:20","modified_gmt":"2024-09-11T09:15:20","slug":"ttbc","status":"publish","type":"page","link":"https:\/\/amicalelaiquetardy.fr\/index.php\/ttbc\/","title":{"rendered":"Dans le quartier"},"content":{"rendered":"\n<h2 class=\"wp-block-heading has-text-align-center has-header-gradient-color has-text-color has-link-color has-medium-font-size wp-elements-db7dfbef05d348e509fe76743fe20c53\">Retrouvez ici tous les \u00e9v\u00e9nements du quartier ! <\/h2>\n\n\n\n<div class=\"wp-block-group\"><div class=\"wp-block-group__inner-container is-layout-constrained wp-block-group-is-layout-constrained\">\n<div id=\"joynit-calendar-integration-website\"><p style=\"font-size: 12px; color: #666; padding-bottom: 12px\">Agenda cr\u00e9\u00e9 par <a href='http:\/\/joynit.fr\/'>www.joynit.fr<\/a> &#8211; agenda partag\u00e9 Made in France<\/p><\/div>\n\n      <iframe id=\"joynit-calendar-iframe\" width=\"100%\" height=\"850px\" src=https:\/\/app.joynit.io\/embed\/ODS8566W21lL\/community-calendar?w-mobile=100vw&#038;language=fr&#038;logo-url=&#038;hidden-footer=true&#038;iframe-interactive-type=dynamic-event-new-tab frameborder=\"0\" allowfullscreen><\/iframe>\n<\/div><\/div>\n","protected":false},"excerpt":{"rendered":"<p>Retrouvez ici tous les \u00e9v\u00e9nements du quartier ! Agenda cr\u00e9\u00e9 par www.joynit.fr &#8211; agenda partag\u00e9 Made in France<\/p>\n","protected":false},"author":1,"featured_media":0,"parent":0,"menu_order":0,"comment_status":"closed","ping_status":"closed","template":"","meta":{"footnotes":""},"class_list":["post-523","page","type-page","status-publish","hentry"],"_links":{"self":[{"href":"https:\/\/amicalelaiquetardy.fr\/index.php\/wp-json\/wp\/v2\/pages\/523","targetHints":{"allow":["GET"]}}],"collection":[{"href":"https:\/\/amicalelaiquetardy.fr\/index.php\/wp-json\/wp\/v2\/pages"}],"about":[{"href":"https:\/\/amicalelaiquetardy.fr\/index.php\/wp-json\/wp\/v2\/types\/page"}],"author":[{"embeddable":true,"href":"https:\/\/amicalelaiquetardy.fr\/index.php\/wp-json\/wp\/v2\/users\/1"}],"replies":[{"embeddable":true,"href":"https:\/\/amicalelaiquetardy.fr\/index.php\/wp-json\/wp\/v2\/comments?post=523"}],"version-history":[{"count":11,"href":"https:\/\/amicalelaiquetardy.fr\/index.php\/wp-json\/wp\/v2\/pages\/523\/revisions"}],"predecessor-version":[{"id":538,"href":"https:\/\/amicalelaiquetardy.fr\/index.php\/wp-json\/wp\/v2\/pages\/523\/revisions\/538"}],"wp:attachment":[{"href":"https:\/\/amicalelaiquetardy.fr\/index.php\/wp-json\/wp\/v2\/media?parent=523"}],"curies":[{"name":"wp","href":"https:\/\/api.w.org\/{rel}","templated":true}]}}