{"id":567,"date":"2024-09-26T15:31:04","date_gmt":"2024-09-26T13:31:04","guid":{"rendered":"https:\/\/amicalelaiquetardy.fr\/?page_id=567"},"modified":"2024-09-30T14:39:36","modified_gmt":"2024-09-30T12:39:36","slug":"mediation-sante","status":"publish","type":"page","link":"https:\/\/amicalelaiquetardy.fr\/index.php\/mediation-sante\/","title":{"rendered":"M\u00e9diation sant\u00e9"},"content":{"rendered":"\n<p class=\"has-text-align-center\">Pour un acc\u00e8s aux droits et aux soins pour tous<\/p>\n\n\n\n<figure class=\"wp-block-gallery has-nested-images columns-default is-cropped wp-block-gallery-1 is-layout-flex wp-block-gallery-is-layout-flex\">\n<figure class=\"wp-block-image size-large\"><img loading=\"lazy\" decoding=\"async\" width=\"764\" height=\"1024\" data-id=\"575\" src=\"https:\/\/amicalelaiquetardy.fr\/wp-content\/uploads\/2024\/09\/FlyerMediationsanteinternet-764x1024.jpg\" alt=\"\" class=\"wp-image-575\"\/><\/figure>\n\n\n\n<figure class=\"wp-block-image size-large\"><img loading=\"lazy\" decoding=\"async\" width=\"743\" height=\"1024\" data-id=\"576\" src=\"https:\/\/amicalelaiquetardy.fr\/wp-content\/uploads\/2024\/09\/FlyerMediationsanteinternet2-743x1024.jpg\" alt=\"\" class=\"wp-image-576\" srcset=\"https:\/\/amicalelaiquetardy.fr\/wp-content\/uploads\/2024\/09\/FlyerMediationsanteinternet2-743x1024.jpg 743w, https:\/\/amicalelaiquetardy.fr\/wp-content\/uploads\/2024\/09\/FlyerMediationsanteinternet2-218x300.jpg 218w, https:\/\/amicalelaiquetardy.fr\/wp-content\/uploads\/2024\/09\/FlyerMediationsanteinternet2-768x1059.jpg 768w, https:\/\/amicalelaiquetardy.fr\/wp-content\/uploads\/2024\/09\/FlyerMediationsanteinternet2.jpg 900w\" sizes=\"auto, (max-width: 743px) 100vw, 743px\" \/><\/figure>\n<\/figure>\n\n\n\n<h2 class=\"wp-block-heading has-header-gradient-color has-text-color has-link-color has-medium-font-size wp-elements-f166a8eb616b1cdd6c4184e5b0e01866\"><strong>Qu&rsquo;est ce que c&rsquo;est ?<\/strong><\/h2>\n\n\n\n<p>Les m\u00e9diateurs en sant\u00e9 sont pr\u00e9sents pour vous accompagner dans vos d\u00e9marches d\u2019acc\u00e8s aux droits et aux soins \u00e0 la sant\u00e9.<\/p>\n\n\n\n<h2 class=\"wp-block-heading has-header-gradient-color has-text-color has-link-color has-medium-font-size wp-elements-9bc1403688f07670a12185b12ade763e\"><strong>Missions<\/strong><\/h2>\n\n\n\n<p>Vous informer sur vos droits<br>Vous \u00e9couter pour identifier vos besoins<br>Vous orienter vers les professionnels de sant\u00e9, sociaux et m\u00e9dico-sociaux<br>Vous proposer des actions de pr\u00e9vention et d\u2019\u00e9ducation \u00e0 la sant\u00e9<\/p>\n\n\n\n<h2 class=\"wp-block-heading has-header-gradient-color has-text-color has-link-color has-medium-font-size wp-elements-4d7febc568f957537ca1c0c1aad925f4\"><strong>Accompagnements<\/strong><\/h2>\n\n\n\n<p>Sur rendez-vous pour un suivi individuel dans vos d\u00e9marches d\u2019acc\u00e8s aux droits et aux soins : demande d\u2019aide \u00e0 la compl\u00e9mentaire sant\u00e9, orientation vers les professionnels de sant\u00e9 ou les travailleurs sociaux, d\u00e9marches aupr\u00e8s de la s\u00e9curit\u00e9 sociale, prise de rendez- vous, \u2026 Des actions collectives de promotion, pr\u00e9vention et d\u2019\u00e9ducation \u00e0 la sant\u00e9 organis\u00e9es avec les partenaires du territoire.<\/p>\n\n\n\n<p class=\"has-header-gradient-color has-text-color has-link-color wp-elements-450f4366b66c8975a82c54a44b376f1b\"><strong>CE SERVICE EST GRATUIT ET CONFIDENTIEL, IL EST ASSUR\u00c9 PAR UN PROFESSIONNEL<\/strong><\/p>\n\n\n\n<h2 class=\"wp-block-heading has-header-gradient-color has-text-color has-link-color has-medium-font-size wp-elements-dc167c87ae4a44f04949059012aac2cc\"><strong>Renseignements et rendez-vous <\/strong><\/h2>\n\n\n\n<p>Point d&rsquo;accueil RDV les jeudis de 9h \u00e0 17h \u00e0 l&rsquo;Amicale La\u00efque de Tardy &#8211; 86 rue Vaillant Couturier <br>Avec Lisa BERTHON &#8211; 06 72 16 77 55 &#8211; lberthon@mutualite-loire.com<\/p>\n\n\n\n<p><\/p>\n","protected":false},"excerpt":{"rendered":"<p>Pour un acc\u00e8s aux droits et aux soins pour tous Qu&rsquo;est ce que c&rsquo;est ? Les m\u00e9diateurs en sant\u00e9 sont pr\u00e9sents pour vous accompagner dans vos d\u00e9marches d\u2019acc\u00e8s aux droits et aux soins \u00e0 la sant\u00e9. Missions Vous informer sur vos droitsVous \u00e9couter pour identifier vos besoinsVous orienter vers les [&hellip;]<\/p>\n","protected":false},"author":1,"featured_media":575,"parent":0,"menu_order":0,"comment_status":"closed","ping_status":"closed","template":"","meta":{"footnotes":""},"class_list":["post-567","page","type-page","status-publish","has-post-thumbnail","hentry"],"_links":{"self":[{"href":"https:\/\/amicalelaiquetardy.fr\/index.php\/wp-json\/wp\/v2\/pages\/567","targetHints":{"allow":["GET"]}}],"collection":[{"href":"https:\/\/amicalelaiquetardy.fr\/index.php\/wp-json\/wp\/v2\/pages"}],"about":[{"href":"https:\/\/amicalelaiquetardy.fr\/index.php\/wp-json\/wp\/v2\/types\/page"}],"author":[{"embeddable":true,"href":"https:\/\/amicalelaiquetardy.fr\/index.php\/wp-json\/wp\/v2\/users\/1"}],"replies":[{"embeddable":true,"href":"https:\/\/amicalelaiquetardy.fr\/index.php\/wp-json\/wp\/v2\/comments?post=567"}],"version-history":[{"count":3,"href":"https:\/\/amicalelaiquetardy.fr\/index.php\/wp-json\/wp\/v2\/pages\/567\/revisions"}],"predecessor-version":[{"id":577,"href":"https:\/\/amicalelaiquetardy.fr\/index.php\/wp-json\/wp\/v2\/pages\/567\/revisions\/577"}],"wp:featuredmedia":[{"embeddable":true,"href":"https:\/\/amicalelaiquetardy.fr\/index.php\/wp-json\/wp\/v2\/media\/575"}],"wp:attachment":[{"href":"https:\/\/amicalelaiquetardy.fr\/index.php\/wp-json\/wp\/v2\/media?parent=567"}],"curies":[{"name":"wp","href":"https:\/\/api.w.org\/{rel}","templated":true}]}}