{"id":955,"date":"2025-11-24T16:46:25","date_gmt":"2025-11-24T15:46:25","guid":{"rendered":"https:\/\/amicalelaiquetardy.fr\/?page_id=955"},"modified":"2025-11-24T16:46:26","modified_gmt":"2025-11-24T15:46:26","slug":"periscolaire-du-soir","status":"publish","type":"page","link":"https:\/\/amicalelaiquetardy.fr\/index.php\/periscolaire-du-soir\/","title":{"rendered":"P\u00e9riscolaire du soir"},"content":{"rendered":"\n<p>Jardinage au p\u00e9riscolaire de Paillon<\/p>\n\n\n\n<figure class=\"wp-block-gallery has-nested-images columns-default is-cropped wp-block-gallery-1 is-layout-flex wp-block-gallery-is-layout-flex\">\n<figure class=\"wp-block-image size-large\"><img loading=\"lazy\" decoding=\"async\" width=\"1024\" height=\"768\" data-id=\"960\" src=\"https:\/\/amicalelaiquetardy.fr\/wp-content\/uploads\/2025\/11\/Image-5-1024x768.jpg\" alt=\"\" class=\"wp-image-960\" srcset=\"https:\/\/amicalelaiquetardy.fr\/wp-content\/uploads\/2025\/11\/Image-5-1024x768.jpg 1024w, https:\/\/amicalelaiquetardy.fr\/wp-content\/uploads\/2025\/11\/Image-5-300x225.jpg 300w, https:\/\/amicalelaiquetardy.fr\/wp-content\/uploads\/2025\/11\/Image-5-768x576.jpg 768w, https:\/\/amicalelaiquetardy.fr\/wp-content\/uploads\/2025\/11\/Image-5-1536x1152.jpg 1536w, https:\/\/amicalelaiquetardy.fr\/wp-content\/uploads\/2025\/11\/Image-5-2048x1536.jpg 2048w\" sizes=\"auto, (max-width: 1024px) 100vw, 1024px\" \/><\/figure>\n\n\n\n\n\n\n\n<figure class=\"wp-block-image size-large\"><img loading=\"lazy\" decoding=\"async\" width=\"768\" height=\"1024\" data-id=\"956\" src=\"https:\/\/amicalelaiquetardy.fr\/wp-content\/uploads\/2025\/11\/Image-2-768x1024.jpg\" alt=\"\" class=\"wp-image-956\" srcset=\"https:\/\/amicalelaiquetardy.fr\/wp-content\/uploads\/2025\/11\/Image-2-768x1024.jpg 768w, https:\/\/amicalelaiquetardy.fr\/wp-content\/uploads\/2025\/11\/Image-2-225x300.jpg 225w, https:\/\/amicalelaiquetardy.fr\/wp-content\/uploads\/2025\/11\/Image-2-1152x1536.jpg 1152w, https:\/\/amicalelaiquetardy.fr\/wp-content\/uploads\/2025\/11\/Image-2-1536x2048.jpg 1536w, https:\/\/amicalelaiquetardy.fr\/wp-content\/uploads\/2025\/11\/Image-2-scaled.jpg 1920w\" sizes=\"auto, (max-width: 768px) 100vw, 768px\" \/><\/figure>\n\n\n\n<figure class=\"wp-block-image size-large\"><img loading=\"lazy\" decoding=\"async\" width=\"768\" height=\"1024\" data-id=\"958\" src=\"https:\/\/amicalelaiquetardy.fr\/wp-content\/uploads\/2025\/11\/Image-1-768x1024.jpg\" alt=\"\" class=\"wp-image-958\" srcset=\"https:\/\/amicalelaiquetardy.fr\/wp-content\/uploads\/2025\/11\/Image-1-768x1024.jpg 768w, https:\/\/amicalelaiquetardy.fr\/wp-content\/uploads\/2025\/11\/Image-1-225x300.jpg 225w, https:\/\/amicalelaiquetardy.fr\/wp-content\/uploads\/2025\/11\/Image-1-1152x1536.jpg 1152w, https:\/\/amicalelaiquetardy.fr\/wp-content\/uploads\/2025\/11\/Image-1-1536x2048.jpg 1536w, https:\/\/amicalelaiquetardy.fr\/wp-content\/uploads\/2025\/11\/Image-1-scaled.jpg 1920w\" sizes=\"auto, (max-width: 768px) 100vw, 768px\" \/><\/figure>\n\n\n\n<figure class=\"wp-block-image size-large\"><img loading=\"lazy\" decoding=\"async\" width=\"768\" height=\"1024\" data-id=\"961\" src=\"https:\/\/amicalelaiquetardy.fr\/wp-content\/uploads\/2025\/11\/Image-768x1024.jpg\" alt=\"\" class=\"wp-image-961\" srcset=\"https:\/\/amicalelaiquetardy.fr\/wp-content\/uploads\/2025\/11\/Image-768x1024.jpg 768w, https:\/\/amicalelaiquetardy.fr\/wp-content\/uploads\/2025\/11\/Image-225x300.jpg 225w, https:\/\/amicalelaiquetardy.fr\/wp-content\/uploads\/2025\/11\/Image-1152x1536.jpg 1152w, https:\/\/amicalelaiquetardy.fr\/wp-content\/uploads\/2025\/11\/Image-1536x2048.jpg 1536w, https:\/\/amicalelaiquetardy.fr\/wp-content\/uploads\/2025\/11\/Image-scaled.jpg 1920w\" sizes=\"auto, (max-width: 768px) 100vw, 768px\" \/><\/figure>\n<\/figure>\n\n\n\n<p>Puis d\u00e9gustation des l\u00e9gumes qui ont pouss\u00e9s ! <\/p>\n\n\n\n<figure class=\"wp-block-gallery has-nested-images columns-default is-cropped wp-block-gallery-2 is-layout-flex wp-block-gallery-is-layout-flex\">\n<figure class=\"wp-block-image size-large\"><img loading=\"lazy\" decoding=\"async\" width=\"768\" height=\"1024\" data-id=\"963\" src=\"https:\/\/amicalelaiquetardy.fr\/wp-content\/uploads\/2025\/11\/Image-7-768x1024.jpg\" alt=\"\" class=\"wp-image-963\" srcset=\"https:\/\/amicalelaiquetardy.fr\/wp-content\/uploads\/2025\/11\/Image-7-768x1024.jpg 768w, https:\/\/amicalelaiquetardy.fr\/wp-content\/uploads\/2025\/11\/Image-7-225x300.jpg 225w, https:\/\/amicalelaiquetardy.fr\/wp-content\/uploads\/2025\/11\/Image-7-1152x1536.jpg 1152w, https:\/\/amicalelaiquetardy.fr\/wp-content\/uploads\/2025\/11\/Image-7-1536x2048.jpg 1536w, https:\/\/amicalelaiquetardy.fr\/wp-content\/uploads\/2025\/11\/Image-7-scaled.jpg 1920w\" sizes=\"auto, (max-width: 768px) 100vw, 768px\" \/><\/figure>\n\n\n\n<figure class=\"wp-block-image size-large\"><img loading=\"lazy\" decoding=\"async\" width=\"600\" height=\"800\" data-id=\"962\" src=\"https:\/\/amicalelaiquetardy.fr\/wp-content\/uploads\/2025\/11\/Image-6.jpg\" alt=\"\" class=\"wp-image-962\" srcset=\"https:\/\/amicalelaiquetardy.fr\/wp-content\/uploads\/2025\/11\/Image-6.jpg 600w, https:\/\/amicalelaiquetardy.fr\/wp-content\/uploads\/2025\/11\/Image-6-225x300.jpg 225w\" sizes=\"auto, (max-width: 600px) 100vw, 600px\" \/><\/figure>\n<\/figure>\n\n\n\n<p>P\u00f4le Cr\u00e9atif <\/p>\n\n\n\n<figure class=\"wp-block-gallery has-nested-images columns-default is-cropped wp-block-gallery-3 is-layout-flex wp-block-gallery-is-layout-flex\">\n<figure class=\"wp-block-image size-large\"><img loading=\"lazy\" decoding=\"async\" width=\"771\" height=\"1024\" data-id=\"965\" src=\"https:\/\/amicalelaiquetardy.fr\/wp-content\/uploads\/2025\/11\/Media-1-771x1024.jpg\" alt=\"\" class=\"wp-image-965\" srcset=\"https:\/\/amicalelaiquetardy.fr\/wp-content\/uploads\/2025\/11\/Media-1-771x1024.jpg 771w, https:\/\/amicalelaiquetardy.fr\/wp-content\/uploads\/2025\/11\/Media-1-226x300.jpg 226w, https:\/\/amicalelaiquetardy.fr\/wp-content\/uploads\/2025\/11\/Media-1-768x1020.jpg 768w, https:\/\/amicalelaiquetardy.fr\/wp-content\/uploads\/2025\/11\/Media-1-1157x1536.jpg 1157w, https:\/\/amicalelaiquetardy.fr\/wp-content\/uploads\/2025\/11\/Media-1.jpg 1536w\" sizes=\"auto, (max-width: 771px) 100vw, 771px\" \/><\/figure>\n\n\n\n<figure class=\"wp-block-image size-large\"><img loading=\"lazy\" decoding=\"async\" width=\"771\" height=\"1024\" data-id=\"964\" src=\"https:\/\/amicalelaiquetardy.fr\/wp-content\/uploads\/2025\/11\/Media-771x1024.jpg\" alt=\"\" class=\"wp-image-964\" srcset=\"https:\/\/amicalelaiquetardy.fr\/wp-content\/uploads\/2025\/11\/Media-771x1024.jpg 771w, https:\/\/amicalelaiquetardy.fr\/wp-content\/uploads\/2025\/11\/Media-226x300.jpg 226w, https:\/\/amicalelaiquetardy.fr\/wp-content\/uploads\/2025\/11\/Media-768x1020.jpg 768w, https:\/\/amicalelaiquetardy.fr\/wp-content\/uploads\/2025\/11\/Media-1157x1536.jpg 1157w, https:\/\/amicalelaiquetardy.fr\/wp-content\/uploads\/2025\/11\/Media.jpg 1536w\" sizes=\"auto, (max-width: 771px) 100vw, 771px\" \/><\/figure>\n<\/figure>\n\n\n\n<p><\/p>\n","protected":false},"excerpt":{"rendered":"<p>Jardinage au p\u00e9riscolaire de Paillon Puis d\u00e9gustation des l\u00e9gumes qui ont pouss\u00e9s ! P\u00f4le Cr\u00e9atif<\/p>\n","protected":false},"author":1,"featured_media":0,"parent":0,"menu_order":0,"comment_status":"closed","ping_status":"closed","template":"","meta":{"footnotes":""},"class_list":["post-955","page","type-page","status-publish","hentry"],"_links":{"self":[{"href":"https:\/\/amicalelaiquetardy.fr\/index.php\/wp-json\/wp\/v2\/pages\/955","targetHints":{"allow":["GET"]}}],"collection":[{"href":"https:\/\/amicalelaiquetardy.fr\/index.php\/wp-json\/wp\/v2\/pages"}],"about":[{"href":"https:\/\/amicalelaiquetardy.fr\/index.php\/wp-json\/wp\/v2\/types\/page"}],"author":[{"embeddable":true,"href":"https:\/\/amicalelaiquetardy.fr\/index.php\/wp-json\/wp\/v2\/users\/1"}],"replies":[{"embeddable":true,"href":"https:\/\/amicalelaiquetardy.fr\/index.php\/wp-json\/wp\/v2\/comments?post=955"}],"version-history":[{"count":1,"href":"https:\/\/amicalelaiquetardy.fr\/index.php\/wp-json\/wp\/v2\/pages\/955\/revisions"}],"predecessor-version":[{"id":967,"href":"https:\/\/amicalelaiquetardy.fr\/index.php\/wp-json\/wp\/v2\/pages\/955\/revisions\/967"}],"wp:attachment":[{"href":"https:\/\/amicalelaiquetardy.fr\/index.php\/wp-json\/wp\/v2\/media?parent=955"}],"curies":[{"name":"wp","href":"https:\/\/api.w.org\/{rel}","templated":true}]}}